{"id":1244,"date":"2025-06-06T21:01:08","date_gmt":"2025-06-07T00:01:08","guid":{"rendered":"https:\/\/pedrafortebh.com.br\/?page_id=1244"},"modified":"2025-06-06T21:02:31","modified_gmt":"2025-06-07T00:02:31","slug":"preto-sao-gabriel-2","status":"publish","type":"page","link":"https:\/\/pedrafortebh.com.br\/?page_id=1244","title":{"rendered":"Preto S\u00e3o Gabriel"},"content":{"rendered":"\t\t<div data-elementor-type=\"wp-page\" data-elementor-id=\"1244\" class=\"elementor elementor-1244\" data-elementor-post-type=\"page\">\n\t\t\t\t<div class=\"elementor-element elementor-element-59e7a1c e-flex e-con-boxed e-con e-parent\" data-id=\"59e7a1c\" data-element_type=\"container\" data-settings=\"{&quot;background_background&quot;:&quot;classic&quot;}\">\n\t\t\t\t\t<div class=\"e-con-inner\">\n\t\t\t\t\t<\/div>\n\t\t\t\t<\/div>\n\t\t\t\t<section class=\"elementor-section elementor-top-section elementor-element elementor-element-e0d3c09 elementor-section-content-middle elementor-section-boxed elementor-section-height-default elementor-section-height-default\" data-id=\"e0d3c09\" data-element_type=\"section\">\n\t\t\t\t\t\t<div class=\"elementor-container elementor-column-gap-default\">\n\t\t\t\t\t<div class=\"elementor-column elementor-col-50 elementor-top-column elementor-element elementor-element-68c85b8\" data-id=\"68c85b8\" data-element_type=\"column\" data-settings=\"{&quot;background_background&quot;:&quot;classic&quot;}\">\n\t\t\t<div class=\"elementor-widget-wrap elementor-element-populated\">\n\t\t\t\t\t\t<div class=\"elementor-element elementor-element-a77a2a5 elementor-widget elementor-widget-spacer\" data-id=\"a77a2a5\" data-element_type=\"widget\" data-widget_type=\"spacer.default\">\n\t\t\t\t<div class=\"elementor-widget-container\">\n\t\t\t\t\t\t\t<div class=\"elementor-spacer\">\n\t\t\t<div class=\"elementor-spacer-inner\"><\/div>\n\t\t<\/div>\n\t\t\t\t\t\t<\/div>\n\t\t\t\t<\/div>\n\t\t\t\t\t<\/div>\n\t\t<\/div>\n\t\t\t\t<div class=\"elementor-column elementor-col-50 elementor-top-column elementor-element elementor-element-8012789\" data-id=\"8012789\" data-element_type=\"column\">\n\t\t\t<div class=\"elementor-widget-wrap elementor-element-populated\">\n\t\t\t\t\t\t<div class=\"elementor-element elementor-element-40fb00c elementor-widget elementor-widget-heading\" data-id=\"40fb00c\" data-element_type=\"widget\" data-widget_type=\"heading.default\">\n\t\t\t\t<div class=\"elementor-widget-container\">\n\t\t\t\t\t<h2 class=\"elementor-heading-title elementor-size-default\">Resist\u00eancia e Sofistica\u00e7\u00e3o em uma \u00danica Pedra<\/h2>\t\t\t\t<\/div>\n\t\t\t\t<\/div>\n\t\t\t\t<div class=\"elementor-element elementor-element-df5e1a3 elementor-widget elementor-widget-text-editor\" data-id=\"df5e1a3\" data-element_type=\"widget\" data-widget_type=\"text-editor.default\">\n\t\t\t\t<div class=\"elementor-widget-container\">\n\t\t\t\t\t\t\t\t\t<p>O <strong data-start=\"201\" data-end=\"222\">Preto S\u00e3o Gabriel<\/strong> \u00e9 um cl\u00e1ssico absoluto nos projetos de arquitetura e design de interiores. Sua tonalidade escura com granula\u00e7\u00e3o sutil oferece eleg\u00e2ncia e praticidade, sendo ideal para ambientes que exigem resist\u00eancia e beleza duradoura.<\/p>\t\t\t\t\t\t\t\t<\/div>\n\t\t\t\t<\/div>\n\t\t<div class=\"elementor-element elementor-element-d8e5908 e-grid e-con-boxed e-con e-parent\" data-id=\"d8e5908\" data-element_type=\"container\">\n\t\t\t\t\t<div class=\"e-con-inner\">\n\t\t\t\t<div class=\"elementor-element elementor-element-28152a5 elementor-position-top elementor-widget elementor-widget-image-box\" data-id=\"28152a5\" data-element_type=\"widget\" data-widget_type=\"image-box.default\">\n\t\t\t\t<div class=\"elementor-widget-container\">\n\t\t\t\t\t<div class=\"elementor-image-box-wrapper\"><figure class=\"elementor-image-box-img\"><img fetchpriority=\"high\" decoding=\"async\" width=\"540\" height=\"540\" src=\"https:\/\/pedrafortebh.com.br\/wp-content\/uploads\/2025\/06\/9.png\" class=\"attachment-full size-full wp-image-1226\" alt=\"\" srcset=\"https:\/\/pedrafortebh.com.br\/wp-content\/uploads\/2025\/06\/9.png 540w, https:\/\/pedrafortebh.com.br\/wp-content\/uploads\/2025\/06\/9-300x300.png 300w, https:\/\/pedrafortebh.com.br\/wp-content\/uploads\/2025\/06\/9-150x150.png 150w\" sizes=\"(max-width: 540px) 100vw, 540px\" \/><\/figure><div class=\"elementor-image-box-content\"><h3 class=\"elementor-image-box-title\">Formato<\/h3><p class=\"elementor-image-box-description\">280 x 180 cm<\/p><\/div><\/div>\t\t\t\t<\/div>\n\t\t\t\t<\/div>\n\t\t\t\t<div class=\"elementor-element elementor-element-3cbe299 elementor-position-top elementor-widget elementor-widget-image-box\" data-id=\"3cbe299\" data-element_type=\"widget\" data-widget_type=\"image-box.default\">\n\t\t\t\t<div class=\"elementor-widget-container\">\n\t\t\t\t\t<div class=\"elementor-image-box-wrapper\"><figure class=\"elementor-image-box-img\"><img decoding=\"async\" width=\"540\" height=\"540\" src=\"https:\/\/pedrafortebh.com.br\/wp-content\/uploads\/2025\/06\/10.png\" class=\"attachment-full size-full wp-image-1227\" alt=\"\" srcset=\"https:\/\/pedrafortebh.com.br\/wp-content\/uploads\/2025\/06\/10.png 540w, https:\/\/pedrafortebh.com.br\/wp-content\/uploads\/2025\/06\/10-300x300.png 300w, https:\/\/pedrafortebh.com.br\/wp-content\/uploads\/2025\/06\/10-150x150.png 150w\" sizes=\"(max-width: 540px) 100vw, 540px\" \/><\/figure><div class=\"elementor-image-box-content\"><h3 class=\"elementor-image-box-title\">Espessura<\/h3><p class=\"elementor-image-box-description\">2,0 cm<\/p><\/div><\/div>\t\t\t\t<\/div>\n\t\t\t\t<\/div>\n\t\t\t\t<div class=\"elementor-element elementor-element-f1d8a3c elementor-position-top elementor-widget elementor-widget-image-box\" data-id=\"f1d8a3c\" data-element_type=\"widget\" data-widget_type=\"image-box.default\">\n\t\t\t\t<div class=\"elementor-widget-container\">\n\t\t\t\t\t<div class=\"elementor-image-box-wrapper\"><figure class=\"elementor-image-box-img\"><img decoding=\"async\" width=\"540\" height=\"540\" src=\"https:\/\/pedrafortebh.com.br\/wp-content\/uploads\/2025\/06\/11.png\" class=\"attachment-full size-full wp-image-1228\" alt=\"\" srcset=\"https:\/\/pedrafortebh.com.br\/wp-content\/uploads\/2025\/06\/11.png 540w, https:\/\/pedrafortebh.com.br\/wp-content\/uploads\/2025\/06\/11-300x300.png 300w, https:\/\/pedrafortebh.com.br\/wp-content\/uploads\/2025\/06\/11-150x150.png 150w\" sizes=\"(max-width: 540px) 100vw, 540px\" \/><\/figure><div class=\"elementor-image-box-content\"><h3 class=\"elementor-image-box-title\">Peso Aproximado<\/h3><p class=\"elementor-image-box-description\">60 kg\/m\u00b2<\/p><\/div><\/div>\t\t\t\t<\/div>\n\t\t\t\t<\/div>\n\t\t\t\t<div class=\"elementor-element elementor-element-86798e9 elementor-position-top elementor-widget elementor-widget-image-box\" data-id=\"86798e9\" data-element_type=\"widget\" data-widget_type=\"image-box.default\">\n\t\t\t\t<div class=\"elementor-widget-container\">\n\t\t\t\t\t<div class=\"elementor-image-box-wrapper\"><figure class=\"elementor-image-box-img\"><img loading=\"lazy\" decoding=\"async\" width=\"540\" height=\"540\" src=\"https:\/\/pedrafortebh.com.br\/wp-content\/uploads\/2025\/06\/12.png\" class=\"attachment-full size-full wp-image-1229\" alt=\"\" srcset=\"https:\/\/pedrafortebh.com.br\/wp-content\/uploads\/2025\/06\/12.png 540w, https:\/\/pedrafortebh.com.br\/wp-content\/uploads\/2025\/06\/12-300x300.png 300w, https:\/\/pedrafortebh.com.br\/wp-content\/uploads\/2025\/06\/12-150x150.png 150w\" sizes=\"(max-width: 540px) 100vw, 540px\" \/><\/figure><div class=\"elementor-image-box-content\"><h3 class=\"elementor-image-box-title\">Origem<\/h3><p class=\"elementor-image-box-description\">Nacional<\/p><\/div><\/div>\t\t\t\t<\/div>\n\t\t\t\t<\/div>\n\t\t\t\t<div class=\"elementor-element elementor-element-7fd4441 elementor-position-top elementor-widget elementor-widget-image-box\" data-id=\"7fd4441\" data-element_type=\"widget\" data-widget_type=\"image-box.default\">\n\t\t\t\t<div class=\"elementor-widget-container\">\n\t\t\t\t\t<div class=\"elementor-image-box-wrapper\"><figure class=\"elementor-image-box-img\"><img loading=\"lazy\" decoding=\"async\" width=\"540\" height=\"540\" src=\"https:\/\/pedrafortebh.com.br\/wp-content\/uploads\/2025\/06\/13.png\" class=\"attachment-full size-full wp-image-1230\" alt=\"\" srcset=\"https:\/\/pedrafortebh.com.br\/wp-content\/uploads\/2025\/06\/13.png 540w, https:\/\/pedrafortebh.com.br\/wp-content\/uploads\/2025\/06\/13-300x300.png 300w, https:\/\/pedrafortebh.com.br\/wp-content\/uploads\/2025\/06\/13-150x150.png 150w\" sizes=\"(max-width: 540px) 100vw, 540px\" \/><\/figure><div class=\"elementor-image-box-content\"><h3 class=\"elementor-image-box-title\">Acabamento<\/h3><p class=\"elementor-image-box-description\">Diamantado, Escovado, Polido<\/p><\/div><\/div>\t\t\t\t<\/div>\n\t\t\t\t<\/div>\n\t\t\t\t<div class=\"elementor-element elementor-element-1b25ddc elementor-position-top elementor-widget elementor-widget-image-box\" data-id=\"1b25ddc\" data-element_type=\"widget\" data-widget_type=\"image-box.default\">\n\t\t\t\t<div class=\"elementor-widget-container\">\n\t\t\t\t\t<div class=\"elementor-image-box-wrapper\"><figure class=\"elementor-image-box-img\"><img loading=\"lazy\" decoding=\"async\" width=\"540\" height=\"540\" src=\"https:\/\/pedrafortebh.com.br\/wp-content\/uploads\/2025\/06\/14.png\" class=\"attachment-full size-full wp-image-1231\" alt=\"\" srcset=\"https:\/\/pedrafortebh.com.br\/wp-content\/uploads\/2025\/06\/14.png 540w, https:\/\/pedrafortebh.com.br\/wp-content\/uploads\/2025\/06\/14-300x300.png 300w, https:\/\/pedrafortebh.com.br\/wp-content\/uploads\/2025\/06\/14-150x150.png 150w\" sizes=\"(max-width: 540px) 100vw, 540px\" \/><\/figure><div class=\"elementor-image-box-content\"><h3 class=\"elementor-image-box-title\">Aplica\u00e7\u00e3o<\/h3><p class=\"elementor-image-box-description\">\u00c1reas internas e externas<\/p><\/div><\/div>\t\t\t\t<\/div>\n\t\t\t\t<\/div>\n\t\t\t\t<div class=\"elementor-element elementor-element-8a6f83d elementor-position-top elementor-widget elementor-widget-image-box\" data-id=\"8a6f83d\" data-element_type=\"widget\" data-widget_type=\"image-box.default\">\n\t\t\t\t<div class=\"elementor-widget-container\">\n\t\t\t\t\t<div class=\"elementor-image-box-wrapper\"><figure class=\"elementor-image-box-img\"><img loading=\"lazy\" decoding=\"async\" width=\"540\" height=\"540\" src=\"https:\/\/pedrafortebh.com.br\/wp-content\/uploads\/2025\/06\/15.png\" class=\"attachment-full size-full wp-image-1232\" alt=\"\" srcset=\"https:\/\/pedrafortebh.com.br\/wp-content\/uploads\/2025\/06\/15.png 540w, https:\/\/pedrafortebh.com.br\/wp-content\/uploads\/2025\/06\/15-300x300.png 300w, https:\/\/pedrafortebh.com.br\/wp-content\/uploads\/2025\/06\/15-150x150.png 150w\" sizes=\"(max-width: 540px) 100vw, 540px\" \/><\/figure><div class=\"elementor-image-box-content\"><h3 class=\"elementor-image-box-title\">Dimens\u00e3o<\/h3><p class=\"elementor-image-box-description\">m\u00b2<\/p><\/div><\/div>\t\t\t\t<\/div>\n\t\t\t\t<\/div>\n\t\t\t\t<div class=\"elementor-element elementor-element-eadac2f elementor-position-top elementor-widget elementor-widget-image-box\" data-id=\"eadac2f\" data-element_type=\"widget\" data-widget_type=\"image-box.default\">\n\t\t\t\t<div class=\"elementor-widget-container\">\n\t\t\t\t\t<div class=\"elementor-image-box-wrapper\"><figure class=\"elementor-image-box-img\"><img loading=\"lazy\" decoding=\"async\" width=\"540\" height=\"540\" src=\"https:\/\/pedrafortebh.com.br\/wp-content\/uploads\/2025\/06\/16.png\" class=\"attachment-full size-full wp-image-1233\" alt=\"\" srcset=\"https:\/\/pedrafortebh.com.br\/wp-content\/uploads\/2025\/06\/16.png 540w, https:\/\/pedrafortebh.com.br\/wp-content\/uploads\/2025\/06\/16-300x300.png 300w, https:\/\/pedrafortebh.com.br\/wp-content\/uploads\/2025\/06\/16-150x150.png 150w\" sizes=\"(max-width: 540px) 100vw, 540px\" \/><\/figure><div class=\"elementor-image-box-content\"><h3 class=\"elementor-image-box-title\">Pre\u00e7o<\/h3><p class=\"elementor-image-box-description\">Sob consulta<\/p><\/div><\/div>\t\t\t\t<\/div>\n\t\t\t\t<\/div>\n\t\t\t\t\t<\/div>\n\t\t\t\t<\/div>\n\t\t\t\t\t<\/div>\n\t\t<\/div>\n\t\t\t\t\t<\/div>\n\t\t<\/section>\n\t\t<div class=\"elementor-element elementor-element-5a8c952 e-flex e-con-boxed e-con e-parent\" data-id=\"5a8c952\" data-element_type=\"container\">\n\t\t\t\t\t<div class=\"e-con-inner\">\n\t\t<div class=\"elementor-element elementor-element-910883f e-con-full e-flex e-con e-child\" data-id=\"910883f\" data-element_type=\"container\">\n\t\t\t\t<div class=\"elementor-element elementor-element-3c881de elementor-widget elementor-widget-heading\" data-id=\"3c881de\" data-element_type=\"widget\" data-widget_type=\"heading.default\">\n\t\t\t\t<div class=\"elementor-widget-container\">\n\t\t\t\t\t<h2 class=\"elementor-heading-title elementor-size-default\">Veja Aplica\u00e7\u00f5es Reais<\/h2>\t\t\t\t<\/div>\n\t\t\t\t<\/div>\n\t\t\t\t<div class=\"elementor-element elementor-element-ed07c68 elementor-widget elementor-widget-text-editor\" data-id=\"ed07c68\" data-element_type=\"widget\" data-widget_type=\"text-editor.default\">\n\t\t\t\t<div class=\"elementor-widget-container\">\n\t\t\t\t\t\t\t\t\t<p>Explore como o Preto S\u00e3o Gabriel \u00e9 utilizado em cozinhas, bancadas, pisos e fachadas. Uma pedra vers\u00e1til, que combina durabilidade com um visual moderno e atemporal.<\/p>\t\t\t\t\t\t\t\t<\/div>\n\t\t\t\t<\/div>\n\t\t\t\t<div class=\"elementor-element elementor-element-45a38f2 elementor-widget elementor-widget-button\" data-id=\"45a38f2\" data-element_type=\"widget\" data-widget_type=\"button.default\">\n\t\t\t\t<div class=\"elementor-widget-container\">\n\t\t\t\t\t\t\t\t\t<div class=\"elementor-button-wrapper\">\n\t\t\t\t\t<a class=\"elementor-button elementor-button-link elementor-size-sm\" href=\"https:\/\/api.whatsapp.com\/send?phone=553133841919\" target=\"_blank\">\n\t\t\t\t\t\t<span class=\"elementor-button-content-wrapper\">\n\t\t\t\t\t\t\t\t\t<span class=\"elementor-button-text\">Solicite um or\u00e7amento<\/span>\n\t\t\t\t\t<\/span>\n\t\t\t\t\t<\/a>\n\t\t\t\t<\/div>\n\t\t\t\t\t\t\t\t<\/div>\n\t\t\t\t<\/div>\n\t\t\t\t<\/div>\n\t\t<div class=\"elementor-element elementor-element-9ffda46 e-con-full e-flex e-con e-child\" data-id=\"9ffda46\" data-element_type=\"container\" data-settings=\"{&quot;background_background&quot;:&quot;classic&quot;,&quot;background_motion_fx_motion_fx_scrolling&quot;:&quot;yes&quot;,&quot;background_motion_fx_translateY_effect&quot;:&quot;yes&quot;,&quot;background_motion_fx_translateY_direction&quot;:&quot;negative&quot;,&quot;background_motion_fx_translateY_speed&quot;:{&quot;unit&quot;:&quot;px&quot;,&quot;size&quot;:3,&quot;sizes&quot;:[]},&quot;background_motion_fx_translateY_affectedRange&quot;:{&quot;unit&quot;:&quot;%&quot;,&quot;size&quot;:&quot;&quot;,&quot;sizes&quot;:{&quot;start&quot;:0,&quot;end&quot;:100}},&quot;background_motion_fx_devices&quot;:[&quot;desktop&quot;,&quot;tablet&quot;,&quot;mobile&quot;]}\">\n\t\t\t\t<div class=\"elementor-element elementor-element-e2eca47 elementor-widget elementor-widget-spacer\" data-id=\"e2eca47\" data-element_type=\"widget\" data-widget_type=\"spacer.default\">\n\t\t\t\t<div class=\"elementor-widget-container\">\n\t\t\t\t\t\t\t<div class=\"elementor-spacer\">\n\t\t\t<div class=\"elementor-spacer-inner\"><\/div>\n\t\t<\/div>\n\t\t\t\t\t\t<\/div>\n\t\t\t\t<\/div>\n\t\t\t\t<\/div>\n\t\t\t\t\t<\/div>\n\t\t\t\t<\/div>\n\t\t\t\t<\/div>\n\t\t","protected":false},"excerpt":{"rendered":"<p>Resist\u00eancia e Sofistica\u00e7\u00e3o em uma \u00danica Pedra O Preto S\u00e3o Gabriel \u00e9 um cl\u00e1ssico absoluto nos projetos de arquitetura e design de interiores. Sua tonalidade escura com granula\u00e7\u00e3o sutil oferece eleg\u00e2ncia e praticidade, sendo ideal para ambientes que exigem resist\u00eancia e beleza duradoura. Formato 280 x 180 cm Espessura 2,0 cm Peso Aproximado 60 kg\/m\u00b2 [&hellip;]<\/p>\n","protected":false},"author":2,"featured_media":0,"parent":0,"menu_order":0,"comment_status":"closed","ping_status":"closed","template":"elementor_header_footer","meta":{"footnotes":""},"class_list":["post-1244","page","type-page","status-publish","hentry"],"_links":{"self":[{"href":"https:\/\/pedrafortebh.com.br\/index.php?rest_route=\/wp\/v2\/pages\/1244","targetHints":{"allow":["GET"]}}],"collection":[{"href":"https:\/\/pedrafortebh.com.br\/index.php?rest_route=\/wp\/v2\/pages"}],"about":[{"href":"https:\/\/pedrafortebh.com.br\/index.php?rest_route=\/wp\/v2\/types\/page"}],"author":[{"embeddable":true,"href":"https:\/\/pedrafortebh.com.br\/index.php?rest_route=\/wp\/v2\/users\/2"}],"replies":[{"embeddable":true,"href":"https:\/\/pedrafortebh.com.br\/index.php?rest_route=%2Fwp%2Fv2%2Fcomments&post=1244"}],"version-history":[{"count":4,"href":"https:\/\/pedrafortebh.com.br\/index.php?rest_route=\/wp\/v2\/pages\/1244\/revisions"}],"predecessor-version":[{"id":1250,"href":"https:\/\/pedrafortebh.com.br\/index.php?rest_route=\/wp\/v2\/pages\/1244\/revisions\/1250"}],"wp:attachment":[{"href":"https:\/\/pedrafortebh.com.br\/index.php?rest_route=%2Fwp%2Fv2%2Fmedia&parent=1244"}],"curies":[{"name":"wp","href":"https:\/\/api.w.org\/{rel}","templated":true}]}}