{"id":1251,"date":"2025-06-06T21:06:23","date_gmt":"2025-06-07T00:06:23","guid":{"rendered":"https:\/\/pedrafortebh.com.br\/?page_id=1251"},"modified":"2025-06-06T21:07:44","modified_gmt":"2025-06-07T00:07:44","slug":"verde-ubatuba-2","status":"publish","type":"page","link":"https:\/\/pedrafortebh.com.br\/?page_id=1251","title":{"rendered":"Verde Ubatuba"},"content":{"rendered":"\t\t<div data-elementor-type=\"wp-page\" data-elementor-id=\"1251\" class=\"elementor elementor-1251\" data-elementor-post-type=\"page\">\n\t\t\t\t<div class=\"elementor-element elementor-element-cf67331 e-flex e-con-boxed e-con e-parent\" data-id=\"cf67331\" data-element_type=\"container\" data-settings=\"{&quot;background_background&quot;:&quot;classic&quot;}\">\n\t\t\t\t\t<div class=\"e-con-inner\">\n\t\t\t\t\t<\/div>\n\t\t\t\t<\/div>\n\t\t\t\t<section class=\"elementor-section elementor-top-section elementor-element elementor-element-c3ab198 elementor-section-content-middle elementor-section-boxed elementor-section-height-default elementor-section-height-default\" data-id=\"c3ab198\" data-element_type=\"section\">\n\t\t\t\t\t\t<div class=\"elementor-container elementor-column-gap-default\">\n\t\t\t\t\t<div class=\"elementor-column elementor-col-50 elementor-top-column elementor-element elementor-element-3acb695\" data-id=\"3acb695\" data-element_type=\"column\" data-settings=\"{&quot;background_background&quot;:&quot;classic&quot;}\">\n\t\t\t<div class=\"elementor-widget-wrap elementor-element-populated\">\n\t\t\t\t\t\t<div class=\"elementor-element elementor-element-34bb359 elementor-widget elementor-widget-spacer\" data-id=\"34bb359\" data-element_type=\"widget\" data-widget_type=\"spacer.default\">\n\t\t\t\t<div class=\"elementor-widget-container\">\n\t\t\t\t\t\t\t<div class=\"elementor-spacer\">\n\t\t\t<div class=\"elementor-spacer-inner\"><\/div>\n\t\t<\/div>\n\t\t\t\t\t\t<\/div>\n\t\t\t\t<\/div>\n\t\t\t\t\t<\/div>\n\t\t<\/div>\n\t\t\t\t<div class=\"elementor-column elementor-col-50 elementor-top-column elementor-element elementor-element-4815228\" data-id=\"4815228\" data-element_type=\"column\">\n\t\t\t<div class=\"elementor-widget-wrap elementor-element-populated\">\n\t\t\t\t\t\t<div class=\"elementor-element elementor-element-f5e3991 elementor-widget elementor-widget-heading\" data-id=\"f5e3991\" data-element_type=\"widget\" data-widget_type=\"heading.default\">\n\t\t\t\t<div class=\"elementor-widget-container\">\n\t\t\t\t\t<h2 class=\"elementor-heading-title elementor-size-default\">Tradi\u00e7\u00e3o, Profundidade e Estilo Brasileiro<\/h2>\t\t\t\t<\/div>\n\t\t\t\t<\/div>\n\t\t\t\t<div class=\"elementor-element elementor-element-12c4495 elementor-widget elementor-widget-text-editor\" data-id=\"12c4495\" data-element_type=\"widget\" data-widget_type=\"text-editor.default\">\n\t\t\t\t<div class=\"elementor-widget-container\">\n\t\t\t\t\t\t\t\t\t<p>Com tons verdes escuros e reflexos dourados sutis, o <strong data-start=\"255\" data-end=\"272\">Verde Ubatuba<\/strong> \u00e9 uma pedra nacional consagrada por sua beleza ex\u00f3tica e resist\u00eancia. Ideal para quem busca sofistica\u00e7\u00e3o com um toque natural e imponente, tanto em \u00e1reas internas quanto externas.<\/p>\t\t\t\t\t\t\t\t<\/div>\n\t\t\t\t<\/div>\n\t\t<div class=\"elementor-element elementor-element-cfb2005 e-grid e-con-boxed e-con e-parent\" data-id=\"cfb2005\" data-element_type=\"container\">\n\t\t\t\t\t<div class=\"e-con-inner\">\n\t\t\t\t<div class=\"elementor-element elementor-element-2bd209e elementor-position-top elementor-widget elementor-widget-image-box\" data-id=\"2bd209e\" data-element_type=\"widget\" data-widget_type=\"image-box.default\">\n\t\t\t\t<div class=\"elementor-widget-container\">\n\t\t\t\t\t<div class=\"elementor-image-box-wrapper\"><figure class=\"elementor-image-box-img\"><img fetchpriority=\"high\" decoding=\"async\" width=\"540\" height=\"540\" src=\"https:\/\/pedrafortebh.com.br\/wp-content\/uploads\/2025\/06\/9.png\" class=\"attachment-full size-full wp-image-1226\" alt=\"\" srcset=\"https:\/\/pedrafortebh.com.br\/wp-content\/uploads\/2025\/06\/9.png 540w, https:\/\/pedrafortebh.com.br\/wp-content\/uploads\/2025\/06\/9-300x300.png 300w, https:\/\/pedrafortebh.com.br\/wp-content\/uploads\/2025\/06\/9-150x150.png 150w\" sizes=\"(max-width: 540px) 100vw, 540px\" \/><\/figure><div class=\"elementor-image-box-content\"><h3 class=\"elementor-image-box-title\">Formato<\/h3><p class=\"elementor-image-box-description\">280 x 180 cm<\/p><\/div><\/div>\t\t\t\t<\/div>\n\t\t\t\t<\/div>\n\t\t\t\t<div class=\"elementor-element elementor-element-9c8cd6f elementor-position-top elementor-widget elementor-widget-image-box\" data-id=\"9c8cd6f\" data-element_type=\"widget\" data-widget_type=\"image-box.default\">\n\t\t\t\t<div class=\"elementor-widget-container\">\n\t\t\t\t\t<div class=\"elementor-image-box-wrapper\"><figure class=\"elementor-image-box-img\"><img decoding=\"async\" width=\"540\" height=\"540\" src=\"https:\/\/pedrafortebh.com.br\/wp-content\/uploads\/2025\/06\/10.png\" class=\"attachment-full size-full wp-image-1227\" alt=\"\" srcset=\"https:\/\/pedrafortebh.com.br\/wp-content\/uploads\/2025\/06\/10.png 540w, https:\/\/pedrafortebh.com.br\/wp-content\/uploads\/2025\/06\/10-300x300.png 300w, https:\/\/pedrafortebh.com.br\/wp-content\/uploads\/2025\/06\/10-150x150.png 150w\" sizes=\"(max-width: 540px) 100vw, 540px\" \/><\/figure><div class=\"elementor-image-box-content\"><h3 class=\"elementor-image-box-title\">Espessura<\/h3><p class=\"elementor-image-box-description\">2,0 cm<\/p><\/div><\/div>\t\t\t\t<\/div>\n\t\t\t\t<\/div>\n\t\t\t\t<div class=\"elementor-element elementor-element-82f1386 elementor-position-top elementor-widget elementor-widget-image-box\" data-id=\"82f1386\" data-element_type=\"widget\" data-widget_type=\"image-box.default\">\n\t\t\t\t<div class=\"elementor-widget-container\">\n\t\t\t\t\t<div class=\"elementor-image-box-wrapper\"><figure class=\"elementor-image-box-img\"><img decoding=\"async\" width=\"540\" height=\"540\" src=\"https:\/\/pedrafortebh.com.br\/wp-content\/uploads\/2025\/06\/11.png\" class=\"attachment-full size-full wp-image-1228\" alt=\"\" srcset=\"https:\/\/pedrafortebh.com.br\/wp-content\/uploads\/2025\/06\/11.png 540w, https:\/\/pedrafortebh.com.br\/wp-content\/uploads\/2025\/06\/11-300x300.png 300w, https:\/\/pedrafortebh.com.br\/wp-content\/uploads\/2025\/06\/11-150x150.png 150w\" sizes=\"(max-width: 540px) 100vw, 540px\" \/><\/figure><div class=\"elementor-image-box-content\"><h3 class=\"elementor-image-box-title\">Peso Aproximado<\/h3><p class=\"elementor-image-box-description\">60 kg\/m\u00b2<\/p><\/div><\/div>\t\t\t\t<\/div>\n\t\t\t\t<\/div>\n\t\t\t\t<div class=\"elementor-element elementor-element-0796b63 elementor-position-top elementor-widget elementor-widget-image-box\" data-id=\"0796b63\" data-element_type=\"widget\" data-widget_type=\"image-box.default\">\n\t\t\t\t<div class=\"elementor-widget-container\">\n\t\t\t\t\t<div class=\"elementor-image-box-wrapper\"><figure class=\"elementor-image-box-img\"><img loading=\"lazy\" decoding=\"async\" width=\"540\" height=\"540\" src=\"https:\/\/pedrafortebh.com.br\/wp-content\/uploads\/2025\/06\/12.png\" class=\"attachment-full size-full wp-image-1229\" alt=\"\" srcset=\"https:\/\/pedrafortebh.com.br\/wp-content\/uploads\/2025\/06\/12.png 540w, https:\/\/pedrafortebh.com.br\/wp-content\/uploads\/2025\/06\/12-300x300.png 300w, https:\/\/pedrafortebh.com.br\/wp-content\/uploads\/2025\/06\/12-150x150.png 150w\" sizes=\"(max-width: 540px) 100vw, 540px\" \/><\/figure><div class=\"elementor-image-box-content\"><h3 class=\"elementor-image-box-title\">Origem<\/h3><p class=\"elementor-image-box-description\">Nacional<\/p><\/div><\/div>\t\t\t\t<\/div>\n\t\t\t\t<\/div>\n\t\t\t\t<div class=\"elementor-element elementor-element-6607cbc elementor-position-top elementor-widget elementor-widget-image-box\" data-id=\"6607cbc\" data-element_type=\"widget\" data-widget_type=\"image-box.default\">\n\t\t\t\t<div class=\"elementor-widget-container\">\n\t\t\t\t\t<div class=\"elementor-image-box-wrapper\"><figure class=\"elementor-image-box-img\"><img loading=\"lazy\" decoding=\"async\" width=\"540\" height=\"540\" src=\"https:\/\/pedrafortebh.com.br\/wp-content\/uploads\/2025\/06\/13.png\" class=\"attachment-full size-full wp-image-1230\" alt=\"\" srcset=\"https:\/\/pedrafortebh.com.br\/wp-content\/uploads\/2025\/06\/13.png 540w, https:\/\/pedrafortebh.com.br\/wp-content\/uploads\/2025\/06\/13-300x300.png 300w, https:\/\/pedrafortebh.com.br\/wp-content\/uploads\/2025\/06\/13-150x150.png 150w\" sizes=\"(max-width: 540px) 100vw, 540px\" \/><\/figure><div class=\"elementor-image-box-content\"><h3 class=\"elementor-image-box-title\">Acabamento<\/h3><p class=\"elementor-image-box-description\">Diamantado, Escovado, Polido<\/p><\/div><\/div>\t\t\t\t<\/div>\n\t\t\t\t<\/div>\n\t\t\t\t<div class=\"elementor-element elementor-element-8476adc elementor-position-top elementor-widget elementor-widget-image-box\" data-id=\"8476adc\" data-element_type=\"widget\" data-widget_type=\"image-box.default\">\n\t\t\t\t<div class=\"elementor-widget-container\">\n\t\t\t\t\t<div class=\"elementor-image-box-wrapper\"><figure class=\"elementor-image-box-img\"><img loading=\"lazy\" decoding=\"async\" width=\"540\" height=\"540\" src=\"https:\/\/pedrafortebh.com.br\/wp-content\/uploads\/2025\/06\/14.png\" class=\"attachment-full size-full wp-image-1231\" alt=\"\" srcset=\"https:\/\/pedrafortebh.com.br\/wp-content\/uploads\/2025\/06\/14.png 540w, https:\/\/pedrafortebh.com.br\/wp-content\/uploads\/2025\/06\/14-300x300.png 300w, https:\/\/pedrafortebh.com.br\/wp-content\/uploads\/2025\/06\/14-150x150.png 150w\" sizes=\"(max-width: 540px) 100vw, 540px\" \/><\/figure><div class=\"elementor-image-box-content\"><h3 class=\"elementor-image-box-title\">Aplica\u00e7\u00e3o<\/h3><p class=\"elementor-image-box-description\">\u00c1reas internas e externas<\/p><\/div><\/div>\t\t\t\t<\/div>\n\t\t\t\t<\/div>\n\t\t\t\t<div class=\"elementor-element elementor-element-c666e04 elementor-position-top elementor-widget elementor-widget-image-box\" data-id=\"c666e04\" data-element_type=\"widget\" data-widget_type=\"image-box.default\">\n\t\t\t\t<div class=\"elementor-widget-container\">\n\t\t\t\t\t<div class=\"elementor-image-box-wrapper\"><figure class=\"elementor-image-box-img\"><img loading=\"lazy\" decoding=\"async\" width=\"540\" height=\"540\" src=\"https:\/\/pedrafortebh.com.br\/wp-content\/uploads\/2025\/06\/15.png\" class=\"attachment-full size-full wp-image-1232\" alt=\"\" srcset=\"https:\/\/pedrafortebh.com.br\/wp-content\/uploads\/2025\/06\/15.png 540w, https:\/\/pedrafortebh.com.br\/wp-content\/uploads\/2025\/06\/15-300x300.png 300w, https:\/\/pedrafortebh.com.br\/wp-content\/uploads\/2025\/06\/15-150x150.png 150w\" sizes=\"(max-width: 540px) 100vw, 540px\" \/><\/figure><div class=\"elementor-image-box-content\"><h3 class=\"elementor-image-box-title\">Dimens\u00e3o<\/h3><p class=\"elementor-image-box-description\">m\u00b2<\/p><\/div><\/div>\t\t\t\t<\/div>\n\t\t\t\t<\/div>\n\t\t\t\t<div class=\"elementor-element elementor-element-8be8099 elementor-position-top elementor-widget elementor-widget-image-box\" data-id=\"8be8099\" data-element_type=\"widget\" data-widget_type=\"image-box.default\">\n\t\t\t\t<div class=\"elementor-widget-container\">\n\t\t\t\t\t<div class=\"elementor-image-box-wrapper\"><figure class=\"elementor-image-box-img\"><img loading=\"lazy\" decoding=\"async\" width=\"540\" height=\"540\" src=\"https:\/\/pedrafortebh.com.br\/wp-content\/uploads\/2025\/06\/16.png\" class=\"attachment-full size-full wp-image-1233\" alt=\"\" srcset=\"https:\/\/pedrafortebh.com.br\/wp-content\/uploads\/2025\/06\/16.png 540w, https:\/\/pedrafortebh.com.br\/wp-content\/uploads\/2025\/06\/16-300x300.png 300w, https:\/\/pedrafortebh.com.br\/wp-content\/uploads\/2025\/06\/16-150x150.png 150w\" sizes=\"(max-width: 540px) 100vw, 540px\" \/><\/figure><div class=\"elementor-image-box-content\"><h3 class=\"elementor-image-box-title\">Pre\u00e7o<\/h3><p class=\"elementor-image-box-description\">Sob consulta<\/p><\/div><\/div>\t\t\t\t<\/div>\n\t\t\t\t<\/div>\n\t\t\t\t\t<\/div>\n\t\t\t\t<\/div>\n\t\t\t\t\t<\/div>\n\t\t<\/div>\n\t\t\t\t\t<\/div>\n\t\t<\/section>\n\t\t<div class=\"elementor-element elementor-element-ca80081 e-flex e-con-boxed e-con e-parent\" data-id=\"ca80081\" data-element_type=\"container\">\n\t\t\t\t\t<div class=\"e-con-inner\">\n\t\t<div class=\"elementor-element elementor-element-8cc2121 e-con-full e-flex e-con e-child\" data-id=\"8cc2121\" data-element_type=\"container\">\n\t\t\t\t<div class=\"elementor-element elementor-element-e792554 elementor-widget elementor-widget-heading\" data-id=\"e792554\" data-element_type=\"widget\" data-widget_type=\"heading.default\">\n\t\t\t\t<div class=\"elementor-widget-container\">\n\t\t\t\t\t<h2 class=\"elementor-heading-title elementor-size-default\">Inspira\u00e7\u00e3o na Pr\u00e1tica<\/h2>\t\t\t\t<\/div>\n\t\t\t\t<\/div>\n\t\t\t\t<div class=\"elementor-element elementor-element-15df12f elementor-widget elementor-widget-text-editor\" data-id=\"15df12f\" data-element_type=\"widget\" data-widget_type=\"text-editor.default\">\n\t\t\t\t<div class=\"elementor-widget-container\">\n\t\t\t\t\t\t\t\t\t<p>Veja o Verde Ubatuba aplicado em cozinhas gourmet, \u00e1reas externas, banheiros e fachadas. Um cl\u00e1ssico vers\u00e1til que transforma o ambiente com presen\u00e7a e personalidade.<\/p>\t\t\t\t\t\t\t\t<\/div>\n\t\t\t\t<\/div>\n\t\t\t\t<div class=\"elementor-element elementor-element-029eb7e elementor-widget elementor-widget-button\" data-id=\"029eb7e\" data-element_type=\"widget\" data-widget_type=\"button.default\">\n\t\t\t\t<div class=\"elementor-widget-container\">\n\t\t\t\t\t\t\t\t\t<div class=\"elementor-button-wrapper\">\n\t\t\t\t\t<a class=\"elementor-button elementor-button-link elementor-size-sm\" href=\"https:\/\/api.whatsapp.com\/send?phone=553133841919\" target=\"_blank\">\n\t\t\t\t\t\t<span class=\"elementor-button-content-wrapper\">\n\t\t\t\t\t\t\t\t\t<span class=\"elementor-button-text\">Solicite um or\u00e7amento<\/span>\n\t\t\t\t\t<\/span>\n\t\t\t\t\t<\/a>\n\t\t\t\t<\/div>\n\t\t\t\t\t\t\t\t<\/div>\n\t\t\t\t<\/div>\n\t\t\t\t<\/div>\n\t\t<div class=\"elementor-element elementor-element-0b05fe3 e-con-full e-flex e-con e-child\" data-id=\"0b05fe3\" data-element_type=\"container\" data-settings=\"{&quot;background_background&quot;:&quot;classic&quot;,&quot;background_motion_fx_motion_fx_scrolling&quot;:&quot;yes&quot;,&quot;background_motion_fx_translateY_effect&quot;:&quot;yes&quot;,&quot;background_motion_fx_translateY_direction&quot;:&quot;negative&quot;,&quot;background_motion_fx_translateY_speed&quot;:{&quot;unit&quot;:&quot;px&quot;,&quot;size&quot;:3,&quot;sizes&quot;:[]},&quot;background_motion_fx_translateY_affectedRange&quot;:{&quot;unit&quot;:&quot;%&quot;,&quot;size&quot;:&quot;&quot;,&quot;sizes&quot;:{&quot;start&quot;:0,&quot;end&quot;:100}},&quot;background_motion_fx_devices&quot;:[&quot;desktop&quot;,&quot;tablet&quot;,&quot;mobile&quot;]}\">\n\t\t\t\t<div class=\"elementor-element elementor-element-54672eb elementor-widget elementor-widget-spacer\" data-id=\"54672eb\" data-element_type=\"widget\" data-widget_type=\"spacer.default\">\n\t\t\t\t<div class=\"elementor-widget-container\">\n\t\t\t\t\t\t\t<div class=\"elementor-spacer\">\n\t\t\t<div class=\"elementor-spacer-inner\"><\/div>\n\t\t<\/div>\n\t\t\t\t\t\t<\/div>\n\t\t\t\t<\/div>\n\t\t\t\t<\/div>\n\t\t\t\t\t<\/div>\n\t\t\t\t<\/div>\n\t\t\t\t<\/div>\n\t\t","protected":false},"excerpt":{"rendered":"<p>Tradi\u00e7\u00e3o, Profundidade e Estilo Brasileiro Com tons verdes escuros e reflexos dourados sutis, o Verde Ubatuba \u00e9 uma pedra nacional consagrada por sua beleza ex\u00f3tica e resist\u00eancia. Ideal para quem busca sofistica\u00e7\u00e3o com um toque natural e imponente, tanto em \u00e1reas internas quanto externas. Formato 280 x 180 cm Espessura 2,0 cm Peso Aproximado 60 [&hellip;]<\/p>\n","protected":false},"author":2,"featured_media":0,"parent":0,"menu_order":0,"comment_status":"closed","ping_status":"closed","template":"elementor_header_footer","meta":{"footnotes":""},"class_list":["post-1251","page","type-page","status-publish","hentry"],"_links":{"self":[{"href":"https:\/\/pedrafortebh.com.br\/index.php?rest_route=\/wp\/v2\/pages\/1251","targetHints":{"allow":["GET"]}}],"collection":[{"href":"https:\/\/pedrafortebh.com.br\/index.php?rest_route=\/wp\/v2\/pages"}],"about":[{"href":"https:\/\/pedrafortebh.com.br\/index.php?rest_route=\/wp\/v2\/types\/page"}],"author":[{"embeddable":true,"href":"https:\/\/pedrafortebh.com.br\/index.php?rest_route=\/wp\/v2\/users\/2"}],"replies":[{"embeddable":true,"href":"https:\/\/pedrafortebh.com.br\/index.php?rest_route=%2Fwp%2Fv2%2Fcomments&post=1251"}],"version-history":[{"count":4,"href":"https:\/\/pedrafortebh.com.br\/index.php?rest_route=\/wp\/v2\/pages\/1251\/revisions"}],"predecessor-version":[{"id":1257,"href":"https:\/\/pedrafortebh.com.br\/index.php?rest_route=\/wp\/v2\/pages\/1251\/revisions\/1257"}],"wp:attachment":[{"href":"https:\/\/pedrafortebh.com.br\/index.php?rest_route=%2Fwp%2Fv2%2Fmedia&parent=1251"}],"curies":[{"name":"wp","href":"https:\/\/api.w.org\/{rel}","templated":true}]}}