{"id":1286,"date":"2025-06-06T21:28:25","date_gmt":"2025-06-07T00:28:25","guid":{"rendered":"https:\/\/pedrafortebh.com.br\/?page_id=1286"},"modified":"2025-06-06T21:30:08","modified_gmt":"2025-06-07T00:30:08","slug":"marrom-absoluto-2","status":"publish","type":"page","link":"https:\/\/pedrafortebh.com.br\/?page_id=1286","title":{"rendered":"Marrom Absoluto"},"content":{"rendered":"\t\t<div data-elementor-type=\"wp-page\" data-elementor-id=\"1286\" class=\"elementor elementor-1286\" data-elementor-post-type=\"page\">\n\t\t\t\t<div class=\"elementor-element elementor-element-897218c e-flex e-con-boxed e-con e-parent\" data-id=\"897218c\" data-element_type=\"container\" data-settings=\"{&quot;background_background&quot;:&quot;classic&quot;}\">\n\t\t\t\t\t<div class=\"e-con-inner\">\n\t\t\t\t\t<\/div>\n\t\t\t\t<\/div>\n\t\t\t\t<section class=\"elementor-section elementor-top-section elementor-element elementor-element-d7da3b0 elementor-section-content-middle elementor-section-boxed elementor-section-height-default elementor-section-height-default\" data-id=\"d7da3b0\" data-element_type=\"section\">\n\t\t\t\t\t\t<div class=\"elementor-container elementor-column-gap-default\">\n\t\t\t\t\t<div class=\"elementor-column elementor-col-50 elementor-top-column elementor-element elementor-element-8f522f2\" data-id=\"8f522f2\" data-element_type=\"column\" data-settings=\"{&quot;background_background&quot;:&quot;classic&quot;}\">\n\t\t\t<div class=\"elementor-widget-wrap elementor-element-populated\">\n\t\t\t\t\t\t<div class=\"elementor-element elementor-element-147eae9 elementor-widget elementor-widget-spacer\" data-id=\"147eae9\" data-element_type=\"widget\" data-widget_type=\"spacer.default\">\n\t\t\t\t<div class=\"elementor-widget-container\">\n\t\t\t\t\t\t\t<div class=\"elementor-spacer\">\n\t\t\t<div class=\"elementor-spacer-inner\"><\/div>\n\t\t<\/div>\n\t\t\t\t\t\t<\/div>\n\t\t\t\t<\/div>\n\t\t\t\t\t<\/div>\n\t\t<\/div>\n\t\t\t\t<div class=\"elementor-column elementor-col-50 elementor-top-column elementor-element elementor-element-948a441\" data-id=\"948a441\" data-element_type=\"column\">\n\t\t\t<div class=\"elementor-widget-wrap elementor-element-populated\">\n\t\t\t\t\t\t<div class=\"elementor-element elementor-element-e77b8ac elementor-widget elementor-widget-heading\" data-id=\"e77b8ac\" data-element_type=\"widget\" data-widget_type=\"heading.default\">\n\t\t\t\t<div class=\"elementor-widget-container\">\n\t\t\t\t\t<h2 class=\"elementor-heading-title elementor-size-default\"> Sofistica\u00e7\u00e3o Monocrom\u00e1tica com Estilo Contempor\u00e2neo<\/h2>\t\t\t\t<\/div>\n\t\t\t\t<\/div>\n\t\t\t\t<div class=\"elementor-element elementor-element-68be2a3 elementor-widget elementor-widget-text-editor\" data-id=\"68be2a3\" data-element_type=\"widget\" data-widget_type=\"text-editor.default\">\n\t\t\t\t<div class=\"elementor-widget-container\">\n\t\t\t\t\t\t\t\t\t<p>O <strong data-start=\"228\" data-end=\"247\">Marrom Absoluto<\/strong> traz eleg\u00e2ncia discreta e uniformidade para projetos modernos e minimalistas. Com acabamento refinado e colora\u00e7\u00e3o s\u00f3lida, \u00e9 perfeito para ambientes internos que exigem sobriedade e sofistica\u00e7\u00e3o em cada detalhe.<\/p>\t\t\t\t\t\t\t\t<\/div>\n\t\t\t\t<\/div>\n\t\t<div class=\"elementor-element elementor-element-1f2cdf2 e-grid e-con-boxed e-con e-parent\" data-id=\"1f2cdf2\" data-element_type=\"container\">\n\t\t\t\t\t<div class=\"e-con-inner\">\n\t\t\t\t<div class=\"elementor-element elementor-element-56fe064 elementor-position-top elementor-widget elementor-widget-image-box\" data-id=\"56fe064\" data-element_type=\"widget\" data-widget_type=\"image-box.default\">\n\t\t\t\t<div class=\"elementor-widget-container\">\n\t\t\t\t\t<div class=\"elementor-image-box-wrapper\"><figure class=\"elementor-image-box-img\"><img fetchpriority=\"high\" decoding=\"async\" width=\"540\" height=\"540\" src=\"https:\/\/pedrafortebh.com.br\/wp-content\/uploads\/2025\/06\/9.png\" class=\"attachment-full size-full wp-image-1226\" alt=\"\" srcset=\"https:\/\/pedrafortebh.com.br\/wp-content\/uploads\/2025\/06\/9.png 540w, https:\/\/pedrafortebh.com.br\/wp-content\/uploads\/2025\/06\/9-300x300.png 300w, https:\/\/pedrafortebh.com.br\/wp-content\/uploads\/2025\/06\/9-150x150.png 150w\" sizes=\"(max-width: 540px) 100vw, 540px\" \/><\/figure><div class=\"elementor-image-box-content\"><h3 class=\"elementor-image-box-title\">Formato<\/h3><p class=\"elementor-image-box-description\">280 x 180 cm<\/p><\/div><\/div>\t\t\t\t<\/div>\n\t\t\t\t<\/div>\n\t\t\t\t<div class=\"elementor-element elementor-element-46942a1 elementor-position-top elementor-widget elementor-widget-image-box\" data-id=\"46942a1\" data-element_type=\"widget\" data-widget_type=\"image-box.default\">\n\t\t\t\t<div class=\"elementor-widget-container\">\n\t\t\t\t\t<div class=\"elementor-image-box-wrapper\"><figure class=\"elementor-image-box-img\"><img decoding=\"async\" width=\"540\" height=\"540\" src=\"https:\/\/pedrafortebh.com.br\/wp-content\/uploads\/2025\/06\/10.png\" class=\"attachment-full size-full wp-image-1227\" alt=\"\" srcset=\"https:\/\/pedrafortebh.com.br\/wp-content\/uploads\/2025\/06\/10.png 540w, https:\/\/pedrafortebh.com.br\/wp-content\/uploads\/2025\/06\/10-300x300.png 300w, https:\/\/pedrafortebh.com.br\/wp-content\/uploads\/2025\/06\/10-150x150.png 150w\" sizes=\"(max-width: 540px) 100vw, 540px\" \/><\/figure><div class=\"elementor-image-box-content\"><h3 class=\"elementor-image-box-title\">Espessura<\/h3><p class=\"elementor-image-box-description\">2,0 cm<\/p><\/div><\/div>\t\t\t\t<\/div>\n\t\t\t\t<\/div>\n\t\t\t\t<div class=\"elementor-element elementor-element-1cade01 elementor-position-top elementor-widget elementor-widget-image-box\" data-id=\"1cade01\" data-element_type=\"widget\" data-widget_type=\"image-box.default\">\n\t\t\t\t<div class=\"elementor-widget-container\">\n\t\t\t\t\t<div class=\"elementor-image-box-wrapper\"><figure class=\"elementor-image-box-img\"><img decoding=\"async\" width=\"540\" height=\"540\" src=\"https:\/\/pedrafortebh.com.br\/wp-content\/uploads\/2025\/06\/11.png\" class=\"attachment-full size-full wp-image-1228\" alt=\"\" srcset=\"https:\/\/pedrafortebh.com.br\/wp-content\/uploads\/2025\/06\/11.png 540w, https:\/\/pedrafortebh.com.br\/wp-content\/uploads\/2025\/06\/11-300x300.png 300w, https:\/\/pedrafortebh.com.br\/wp-content\/uploads\/2025\/06\/11-150x150.png 150w\" sizes=\"(max-width: 540px) 100vw, 540px\" \/><\/figure><div class=\"elementor-image-box-content\"><h3 class=\"elementor-image-box-title\">Peso Aproximado<\/h3><p class=\"elementor-image-box-description\">60 kg\/m\u00b2<\/p><\/div><\/div>\t\t\t\t<\/div>\n\t\t\t\t<\/div>\n\t\t\t\t<div class=\"elementor-element elementor-element-be838fc elementor-position-top elementor-widget elementor-widget-image-box\" data-id=\"be838fc\" data-element_type=\"widget\" data-widget_type=\"image-box.default\">\n\t\t\t\t<div class=\"elementor-widget-container\">\n\t\t\t\t\t<div class=\"elementor-image-box-wrapper\"><figure class=\"elementor-image-box-img\"><img loading=\"lazy\" decoding=\"async\" width=\"540\" height=\"540\" src=\"https:\/\/pedrafortebh.com.br\/wp-content\/uploads\/2025\/06\/12.png\" class=\"attachment-full size-full wp-image-1229\" alt=\"\" srcset=\"https:\/\/pedrafortebh.com.br\/wp-content\/uploads\/2025\/06\/12.png 540w, https:\/\/pedrafortebh.com.br\/wp-content\/uploads\/2025\/06\/12-300x300.png 300w, https:\/\/pedrafortebh.com.br\/wp-content\/uploads\/2025\/06\/12-150x150.png 150w\" sizes=\"(max-width: 540px) 100vw, 540px\" \/><\/figure><div class=\"elementor-image-box-content\"><h3 class=\"elementor-image-box-title\">Origem<\/h3><p class=\"elementor-image-box-description\">Nacional<\/p><\/div><\/div>\t\t\t\t<\/div>\n\t\t\t\t<\/div>\n\t\t\t\t<div class=\"elementor-element elementor-element-786399b elementor-position-top elementor-widget elementor-widget-image-box\" data-id=\"786399b\" data-element_type=\"widget\" data-widget_type=\"image-box.default\">\n\t\t\t\t<div class=\"elementor-widget-container\">\n\t\t\t\t\t<div class=\"elementor-image-box-wrapper\"><figure class=\"elementor-image-box-img\"><img loading=\"lazy\" decoding=\"async\" width=\"540\" height=\"540\" src=\"https:\/\/pedrafortebh.com.br\/wp-content\/uploads\/2025\/06\/13.png\" class=\"attachment-full size-full wp-image-1230\" alt=\"\" srcset=\"https:\/\/pedrafortebh.com.br\/wp-content\/uploads\/2025\/06\/13.png 540w, https:\/\/pedrafortebh.com.br\/wp-content\/uploads\/2025\/06\/13-300x300.png 300w, https:\/\/pedrafortebh.com.br\/wp-content\/uploads\/2025\/06\/13-150x150.png 150w\" sizes=\"(max-width: 540px) 100vw, 540px\" \/><\/figure><div class=\"elementor-image-box-content\"><h3 class=\"elementor-image-box-title\">Acabamento<\/h3><p class=\"elementor-image-box-description\">Diamantado, Escovado, Polido<\/p><\/div><\/div>\t\t\t\t<\/div>\n\t\t\t\t<\/div>\n\t\t\t\t<div class=\"elementor-element elementor-element-6949cd5 elementor-position-top elementor-widget elementor-widget-image-box\" data-id=\"6949cd5\" data-element_type=\"widget\" data-widget_type=\"image-box.default\">\n\t\t\t\t<div class=\"elementor-widget-container\">\n\t\t\t\t\t<div class=\"elementor-image-box-wrapper\"><figure class=\"elementor-image-box-img\"><img loading=\"lazy\" decoding=\"async\" width=\"540\" height=\"540\" src=\"https:\/\/pedrafortebh.com.br\/wp-content\/uploads\/2025\/06\/14.png\" class=\"attachment-full size-full wp-image-1231\" alt=\"\" srcset=\"https:\/\/pedrafortebh.com.br\/wp-content\/uploads\/2025\/06\/14.png 540w, https:\/\/pedrafortebh.com.br\/wp-content\/uploads\/2025\/06\/14-300x300.png 300w, https:\/\/pedrafortebh.com.br\/wp-content\/uploads\/2025\/06\/14-150x150.png 150w\" sizes=\"(max-width: 540px) 100vw, 540px\" \/><\/figure><div class=\"elementor-image-box-content\"><h3 class=\"elementor-image-box-title\">Aplica\u00e7\u00e3o<\/h3><p class=\"elementor-image-box-description\">\u00c1reas internas e externas<\/p><\/div><\/div>\t\t\t\t<\/div>\n\t\t\t\t<\/div>\n\t\t\t\t<div class=\"elementor-element elementor-element-e82a23f elementor-position-top elementor-widget elementor-widget-image-box\" data-id=\"e82a23f\" data-element_type=\"widget\" data-widget_type=\"image-box.default\">\n\t\t\t\t<div class=\"elementor-widget-container\">\n\t\t\t\t\t<div class=\"elementor-image-box-wrapper\"><figure class=\"elementor-image-box-img\"><img loading=\"lazy\" decoding=\"async\" width=\"540\" height=\"540\" src=\"https:\/\/pedrafortebh.com.br\/wp-content\/uploads\/2025\/06\/15.png\" class=\"attachment-full size-full wp-image-1232\" alt=\"\" srcset=\"https:\/\/pedrafortebh.com.br\/wp-content\/uploads\/2025\/06\/15.png 540w, https:\/\/pedrafortebh.com.br\/wp-content\/uploads\/2025\/06\/15-300x300.png 300w, https:\/\/pedrafortebh.com.br\/wp-content\/uploads\/2025\/06\/15-150x150.png 150w\" sizes=\"(max-width: 540px) 100vw, 540px\" \/><\/figure><div class=\"elementor-image-box-content\"><h3 class=\"elementor-image-box-title\">Dimens\u00e3o<\/h3><p class=\"elementor-image-box-description\">m\u00b2<\/p><\/div><\/div>\t\t\t\t<\/div>\n\t\t\t\t<\/div>\n\t\t\t\t<div class=\"elementor-element elementor-element-91d3242 elementor-position-top elementor-widget elementor-widget-image-box\" data-id=\"91d3242\" data-element_type=\"widget\" data-widget_type=\"image-box.default\">\n\t\t\t\t<div class=\"elementor-widget-container\">\n\t\t\t\t\t<div class=\"elementor-image-box-wrapper\"><figure class=\"elementor-image-box-img\"><img loading=\"lazy\" decoding=\"async\" width=\"540\" height=\"540\" src=\"https:\/\/pedrafortebh.com.br\/wp-content\/uploads\/2025\/06\/16.png\" class=\"attachment-full size-full wp-image-1233\" alt=\"\" srcset=\"https:\/\/pedrafortebh.com.br\/wp-content\/uploads\/2025\/06\/16.png 540w, https:\/\/pedrafortebh.com.br\/wp-content\/uploads\/2025\/06\/16-300x300.png 300w, https:\/\/pedrafortebh.com.br\/wp-content\/uploads\/2025\/06\/16-150x150.png 150w\" sizes=\"(max-width: 540px) 100vw, 540px\" \/><\/figure><div class=\"elementor-image-box-content\"><h3 class=\"elementor-image-box-title\">Pre\u00e7o<\/h3><p class=\"elementor-image-box-description\">Sob consulta<\/p><\/div><\/div>\t\t\t\t<\/div>\n\t\t\t\t<\/div>\n\t\t\t\t\t<\/div>\n\t\t\t\t<\/div>\n\t\t\t\t\t<\/div>\n\t\t<\/div>\n\t\t\t\t\t<\/div>\n\t\t<\/section>\n\t\t<div class=\"elementor-element elementor-element-dd9ff85 e-flex e-con-boxed e-con e-parent\" data-id=\"dd9ff85\" data-element_type=\"container\">\n\t\t\t\t\t<div class=\"e-con-inner\">\n\t\t<div class=\"elementor-element elementor-element-87aed36 e-con-full e-flex e-con e-child\" data-id=\"87aed36\" data-element_type=\"container\">\n\t\t\t\t<div class=\"elementor-element elementor-element-2a64ece elementor-widget elementor-widget-heading\" data-id=\"2a64ece\" data-element_type=\"widget\" data-widget_type=\"heading.default\">\n\t\t\t\t<div class=\"elementor-widget-container\">\n\t\t\t\t\t<h2 class=\"elementor-heading-title elementor-size-default\">Veja Aplica\u00e7\u00f5es Reais<\/h2>\t\t\t\t<\/div>\n\t\t\t\t<\/div>\n\t\t\t\t<div class=\"elementor-element elementor-element-524947f elementor-widget elementor-widget-text-editor\" data-id=\"524947f\" data-element_type=\"widget\" data-widget_type=\"text-editor.default\">\n\t\t\t\t<div class=\"elementor-widget-container\">\n\t\t\t\t\t\t\t\t\t<p>Inspire-se com ambientes internos que valorizam o Marrom Absoluto em bancadas, lavabos, pain\u00e9is e revestimentos. Uma pedra de presen\u00e7a sutil, mas com grande impacto est\u00e9tico.<\/p>\t\t\t\t\t\t\t\t<\/div>\n\t\t\t\t<\/div>\n\t\t\t\t<div class=\"elementor-element elementor-element-08747ce elementor-widget elementor-widget-button\" data-id=\"08747ce\" data-element_type=\"widget\" data-widget_type=\"button.default\">\n\t\t\t\t<div class=\"elementor-widget-container\">\n\t\t\t\t\t\t\t\t\t<div class=\"elementor-button-wrapper\">\n\t\t\t\t\t<a class=\"elementor-button elementor-button-link elementor-size-sm\" href=\"https:\/\/api.whatsapp.com\/send?phone=553133841919\" target=\"_blank\">\n\t\t\t\t\t\t<span class=\"elementor-button-content-wrapper\">\n\t\t\t\t\t\t\t\t\t<span class=\"elementor-button-text\">Solicite um or\u00e7amento<\/span>\n\t\t\t\t\t<\/span>\n\t\t\t\t\t<\/a>\n\t\t\t\t<\/div>\n\t\t\t\t\t\t\t\t<\/div>\n\t\t\t\t<\/div>\n\t\t\t\t<\/div>\n\t\t<div class=\"elementor-element elementor-element-42841c3 e-con-full e-flex e-con e-child\" data-id=\"42841c3\" data-element_type=\"container\" data-settings=\"{&quot;background_background&quot;:&quot;classic&quot;,&quot;background_motion_fx_motion_fx_scrolling&quot;:&quot;yes&quot;,&quot;background_motion_fx_translateY_effect&quot;:&quot;yes&quot;,&quot;background_motion_fx_translateY_direction&quot;:&quot;negative&quot;,&quot;background_motion_fx_translateY_speed&quot;:{&quot;unit&quot;:&quot;px&quot;,&quot;size&quot;:3,&quot;sizes&quot;:[]},&quot;background_motion_fx_translateY_affectedRange&quot;:{&quot;unit&quot;:&quot;%&quot;,&quot;size&quot;:&quot;&quot;,&quot;sizes&quot;:{&quot;start&quot;:0,&quot;end&quot;:100}},&quot;background_motion_fx_devices&quot;:[&quot;desktop&quot;,&quot;tablet&quot;,&quot;mobile&quot;]}\">\n\t\t\t\t<div class=\"elementor-element elementor-element-9a8e49a elementor-widget elementor-widget-spacer\" data-id=\"9a8e49a\" data-element_type=\"widget\" data-widget_type=\"spacer.default\">\n\t\t\t\t<div class=\"elementor-widget-container\">\n\t\t\t\t\t\t\t<div class=\"elementor-spacer\">\n\t\t\t<div class=\"elementor-spacer-inner\"><\/div>\n\t\t<\/div>\n\t\t\t\t\t\t<\/div>\n\t\t\t\t<\/div>\n\t\t\t\t<\/div>\n\t\t\t\t\t<\/div>\n\t\t\t\t<\/div>\n\t\t\t\t<\/div>\n\t\t","protected":false},"excerpt":{"rendered":"<p>Sofistica\u00e7\u00e3o Monocrom\u00e1tica com Estilo Contempor\u00e2neo O Marrom Absoluto traz eleg\u00e2ncia discreta e uniformidade para projetos modernos e minimalistas. Com acabamento refinado e colora\u00e7\u00e3o s\u00f3lida, \u00e9 perfeito para ambientes internos que exigem sobriedade e sofistica\u00e7\u00e3o em cada detalhe. Formato 280 x 180 cm Espessura 2,0 cm Peso Aproximado 60 kg\/m\u00b2 Origem Nacional Acabamento Diamantado, Escovado, Polido [&hellip;]<\/p>\n","protected":false},"author":2,"featured_media":0,"parent":0,"menu_order":0,"comment_status":"closed","ping_status":"closed","template":"elementor_header_footer","meta":{"footnotes":""},"class_list":["post-1286","page","type-page","status-publish","hentry"],"_links":{"self":[{"href":"https:\/\/pedrafortebh.com.br\/index.php?rest_route=\/wp\/v2\/pages\/1286","targetHints":{"allow":["GET"]}}],"collection":[{"href":"https:\/\/pedrafortebh.com.br\/index.php?rest_route=\/wp\/v2\/pages"}],"about":[{"href":"https:\/\/pedrafortebh.com.br\/index.php?rest_route=\/wp\/v2\/types\/page"}],"author":[{"embeddable":true,"href":"https:\/\/pedrafortebh.com.br\/index.php?rest_route=\/wp\/v2\/users\/2"}],"replies":[{"embeddable":true,"href":"https:\/\/pedrafortebh.com.br\/index.php?rest_route=%2Fwp%2Fv2%2Fcomments&post=1286"}],"version-history":[{"count":7,"href":"https:\/\/pedrafortebh.com.br\/index.php?rest_route=\/wp\/v2\/pages\/1286\/revisions"}],"predecessor-version":[{"id":1295,"href":"https:\/\/pedrafortebh.com.br\/index.php?rest_route=\/wp\/v2\/pages\/1286\/revisions\/1295"}],"wp:attachment":[{"href":"https:\/\/pedrafortebh.com.br\/index.php?rest_route=%2Fwp%2Fv2%2Fmedia&parent=1286"}],"curies":[{"name":"wp","href":"https:\/\/api.w.org\/{rel}","templated":true}]}}