{"id":1311,"date":"2025-06-06T21:35:40","date_gmt":"2025-06-07T00:35:40","guid":{"rendered":"https:\/\/pedrafortebh.com.br\/?page_id=1311"},"modified":"2025-06-06T21:37:42","modified_gmt":"2025-06-07T00:37:42","slug":"b-extreme-white-pitaya","status":"publish","type":"page","link":"https:\/\/pedrafortebh.com.br\/?page_id=1311","title":{"rendered":"B. Extreme White \/\/ Pitaya"},"content":{"rendered":"\t\t<div data-elementor-type=\"wp-page\" data-elementor-id=\"1311\" class=\"elementor elementor-1311\" data-elementor-post-type=\"page\">\n\t\t\t\t<div class=\"elementor-element elementor-element-55844a4 e-flex e-con-boxed e-con e-parent\" data-id=\"55844a4\" data-element_type=\"container\" data-settings=\"{&quot;background_background&quot;:&quot;classic&quot;}\">\n\t\t\t\t\t<div class=\"e-con-inner\">\n\t\t\t\t\t<\/div>\n\t\t\t\t<\/div>\n\t\t\t\t<section class=\"elementor-section elementor-top-section elementor-element elementor-element-05c29d2 elementor-section-content-middle elementor-section-boxed elementor-section-height-default elementor-section-height-default\" data-id=\"05c29d2\" data-element_type=\"section\">\n\t\t\t\t\t\t<div class=\"elementor-container elementor-column-gap-default\">\n\t\t\t\t\t<div class=\"elementor-column elementor-col-50 elementor-top-column elementor-element elementor-element-6d5882a\" data-id=\"6d5882a\" data-element_type=\"column\" data-settings=\"{&quot;background_background&quot;:&quot;classic&quot;}\">\n\t\t\t<div class=\"elementor-widget-wrap elementor-element-populated\">\n\t\t\t\t\t\t<div class=\"elementor-element elementor-element-d4808d7 elementor-widget elementor-widget-spacer\" data-id=\"d4808d7\" data-element_type=\"widget\" data-widget_type=\"spacer.default\">\n\t\t\t\t<div class=\"elementor-widget-container\">\n\t\t\t\t\t\t\t<div class=\"elementor-spacer\">\n\t\t\t<div class=\"elementor-spacer-inner\"><\/div>\n\t\t<\/div>\n\t\t\t\t\t\t<\/div>\n\t\t\t\t<\/div>\n\t\t\t\t\t<\/div>\n\t\t<\/div>\n\t\t\t\t<div class=\"elementor-column elementor-col-50 elementor-top-column elementor-element elementor-element-c86856e\" data-id=\"c86856e\" data-element_type=\"column\">\n\t\t\t<div class=\"elementor-widget-wrap elementor-element-populated\">\n\t\t\t\t\t\t<div class=\"elementor-element elementor-element-99240b0 elementor-widget elementor-widget-heading\" data-id=\"99240b0\" data-element_type=\"widget\" data-widget_type=\"heading.default\">\n\t\t\t\t<div class=\"elementor-widget-container\">\n\t\t\t\t\t<h2 class=\"elementor-heading-title elementor-size-default\">Pureza Visual com Detalhes de Personalidade<\/h2>\t\t\t\t<\/div>\n\t\t\t\t<\/div>\n\t\t\t\t<div class=\"elementor-element elementor-element-df8c351 elementor-widget elementor-widget-text-editor\" data-id=\"df8c351\" data-element_type=\"widget\" data-widget_type=\"text-editor.default\">\n\t\t\t\t<div class=\"elementor-widget-container\">\n\t\t\t\t\t\t\t\t\t<p data-start=\"215\" data-end=\"513\">O <strong data-start=\"217\" data-end=\"237\">B. Extreme White<\/strong>, tamb\u00e9m conhecido como <strong data-start=\"261\" data-end=\"271\">Pitaya<\/strong>, \u00e9 uma pedra com fundo branco intenso e pontos escuros contrastantes, que lembram a fruta ex\u00f3tica que lhe d\u00e1 nome. Moderna, ousada e extremamente elegante, ela \u00e9 perfeita para projetos que valorizam o design contempor\u00e2neo e a est\u00e9tica limpa.<\/p>\t\t\t\t\t\t\t\t<\/div>\n\t\t\t\t<\/div>\n\t\t<div class=\"elementor-element elementor-element-42c0580 e-grid e-con-boxed e-con e-parent\" data-id=\"42c0580\" data-element_type=\"container\">\n\t\t\t\t\t<div class=\"e-con-inner\">\n\t\t\t\t<div class=\"elementor-element elementor-element-3617055 elementor-position-top elementor-widget elementor-widget-image-box\" data-id=\"3617055\" data-element_type=\"widget\" data-widget_type=\"image-box.default\">\n\t\t\t\t<div class=\"elementor-widget-container\">\n\t\t\t\t\t<div class=\"elementor-image-box-wrapper\"><figure class=\"elementor-image-box-img\"><img fetchpriority=\"high\" decoding=\"async\" width=\"540\" height=\"540\" src=\"https:\/\/pedrafortebh.com.br\/wp-content\/uploads\/2025\/06\/9.png\" class=\"attachment-full size-full wp-image-1226\" alt=\"\" srcset=\"https:\/\/pedrafortebh.com.br\/wp-content\/uploads\/2025\/06\/9.png 540w, https:\/\/pedrafortebh.com.br\/wp-content\/uploads\/2025\/06\/9-300x300.png 300w, https:\/\/pedrafortebh.com.br\/wp-content\/uploads\/2025\/06\/9-150x150.png 150w\" sizes=\"(max-width: 540px) 100vw, 540px\" \/><\/figure><div class=\"elementor-image-box-content\"><h3 class=\"elementor-image-box-title\">Formato<\/h3><p class=\"elementor-image-box-description\">280 x 180 cm<\/p><\/div><\/div>\t\t\t\t<\/div>\n\t\t\t\t<\/div>\n\t\t\t\t<div class=\"elementor-element elementor-element-73b6ea0 elementor-position-top elementor-widget elementor-widget-image-box\" data-id=\"73b6ea0\" data-element_type=\"widget\" data-widget_type=\"image-box.default\">\n\t\t\t\t<div class=\"elementor-widget-container\">\n\t\t\t\t\t<div class=\"elementor-image-box-wrapper\"><figure class=\"elementor-image-box-img\"><img decoding=\"async\" width=\"540\" height=\"540\" src=\"https:\/\/pedrafortebh.com.br\/wp-content\/uploads\/2025\/06\/10.png\" class=\"attachment-full size-full wp-image-1227\" alt=\"\" srcset=\"https:\/\/pedrafortebh.com.br\/wp-content\/uploads\/2025\/06\/10.png 540w, https:\/\/pedrafortebh.com.br\/wp-content\/uploads\/2025\/06\/10-300x300.png 300w, https:\/\/pedrafortebh.com.br\/wp-content\/uploads\/2025\/06\/10-150x150.png 150w\" sizes=\"(max-width: 540px) 100vw, 540px\" \/><\/figure><div class=\"elementor-image-box-content\"><h3 class=\"elementor-image-box-title\">Espessura<\/h3><p class=\"elementor-image-box-description\">2,0 cm<\/p><\/div><\/div>\t\t\t\t<\/div>\n\t\t\t\t<\/div>\n\t\t\t\t<div class=\"elementor-element elementor-element-415c1e0 elementor-position-top elementor-widget elementor-widget-image-box\" data-id=\"415c1e0\" data-element_type=\"widget\" data-widget_type=\"image-box.default\">\n\t\t\t\t<div class=\"elementor-widget-container\">\n\t\t\t\t\t<div class=\"elementor-image-box-wrapper\"><figure class=\"elementor-image-box-img\"><img decoding=\"async\" width=\"540\" height=\"540\" src=\"https:\/\/pedrafortebh.com.br\/wp-content\/uploads\/2025\/06\/11.png\" class=\"attachment-full size-full wp-image-1228\" alt=\"\" srcset=\"https:\/\/pedrafortebh.com.br\/wp-content\/uploads\/2025\/06\/11.png 540w, https:\/\/pedrafortebh.com.br\/wp-content\/uploads\/2025\/06\/11-300x300.png 300w, https:\/\/pedrafortebh.com.br\/wp-content\/uploads\/2025\/06\/11-150x150.png 150w\" sizes=\"(max-width: 540px) 100vw, 540px\" \/><\/figure><div class=\"elementor-image-box-content\"><h3 class=\"elementor-image-box-title\">Peso Aproximado<\/h3><p class=\"elementor-image-box-description\">60 kg\/m\u00b2<\/p><\/div><\/div>\t\t\t\t<\/div>\n\t\t\t\t<\/div>\n\t\t\t\t<div class=\"elementor-element elementor-element-75d3a88 elementor-position-top elementor-widget elementor-widget-image-box\" data-id=\"75d3a88\" data-element_type=\"widget\" data-widget_type=\"image-box.default\">\n\t\t\t\t<div class=\"elementor-widget-container\">\n\t\t\t\t\t<div class=\"elementor-image-box-wrapper\"><figure class=\"elementor-image-box-img\"><img loading=\"lazy\" decoding=\"async\" width=\"540\" height=\"540\" src=\"https:\/\/pedrafortebh.com.br\/wp-content\/uploads\/2025\/06\/12.png\" class=\"attachment-full size-full wp-image-1229\" alt=\"\" srcset=\"https:\/\/pedrafortebh.com.br\/wp-content\/uploads\/2025\/06\/12.png 540w, https:\/\/pedrafortebh.com.br\/wp-content\/uploads\/2025\/06\/12-300x300.png 300w, https:\/\/pedrafortebh.com.br\/wp-content\/uploads\/2025\/06\/12-150x150.png 150w\" sizes=\"(max-width: 540px) 100vw, 540px\" \/><\/figure><div class=\"elementor-image-box-content\"><h3 class=\"elementor-image-box-title\">Origem<\/h3><p class=\"elementor-image-box-description\">Nacional<\/p><\/div><\/div>\t\t\t\t<\/div>\n\t\t\t\t<\/div>\n\t\t\t\t<div class=\"elementor-element elementor-element-4f7f78f elementor-position-top elementor-widget elementor-widget-image-box\" data-id=\"4f7f78f\" data-element_type=\"widget\" data-widget_type=\"image-box.default\">\n\t\t\t\t<div class=\"elementor-widget-container\">\n\t\t\t\t\t<div class=\"elementor-image-box-wrapper\"><figure class=\"elementor-image-box-img\"><img loading=\"lazy\" decoding=\"async\" width=\"540\" height=\"540\" src=\"https:\/\/pedrafortebh.com.br\/wp-content\/uploads\/2025\/06\/13.png\" class=\"attachment-full size-full wp-image-1230\" alt=\"\" srcset=\"https:\/\/pedrafortebh.com.br\/wp-content\/uploads\/2025\/06\/13.png 540w, https:\/\/pedrafortebh.com.br\/wp-content\/uploads\/2025\/06\/13-300x300.png 300w, https:\/\/pedrafortebh.com.br\/wp-content\/uploads\/2025\/06\/13-150x150.png 150w\" sizes=\"(max-width: 540px) 100vw, 540px\" \/><\/figure><div class=\"elementor-image-box-content\"><h3 class=\"elementor-image-box-title\">Acabamento<\/h3><p class=\"elementor-image-box-description\">Diamantado, Escovado, Polido<\/p><\/div><\/div>\t\t\t\t<\/div>\n\t\t\t\t<\/div>\n\t\t\t\t<div class=\"elementor-element elementor-element-4ddb7ce elementor-position-top elementor-widget elementor-widget-image-box\" data-id=\"4ddb7ce\" data-element_type=\"widget\" data-widget_type=\"image-box.default\">\n\t\t\t\t<div class=\"elementor-widget-container\">\n\t\t\t\t\t<div class=\"elementor-image-box-wrapper\"><figure class=\"elementor-image-box-img\"><img loading=\"lazy\" decoding=\"async\" width=\"540\" height=\"540\" src=\"https:\/\/pedrafortebh.com.br\/wp-content\/uploads\/2025\/06\/14.png\" class=\"attachment-full size-full wp-image-1231\" alt=\"\" srcset=\"https:\/\/pedrafortebh.com.br\/wp-content\/uploads\/2025\/06\/14.png 540w, https:\/\/pedrafortebh.com.br\/wp-content\/uploads\/2025\/06\/14-300x300.png 300w, https:\/\/pedrafortebh.com.br\/wp-content\/uploads\/2025\/06\/14-150x150.png 150w\" sizes=\"(max-width: 540px) 100vw, 540px\" \/><\/figure><div class=\"elementor-image-box-content\"><h3 class=\"elementor-image-box-title\">Aplica\u00e7\u00e3o<\/h3><p class=\"elementor-image-box-description\">\u00c1reas internas e externas<\/p><\/div><\/div>\t\t\t\t<\/div>\n\t\t\t\t<\/div>\n\t\t\t\t<div class=\"elementor-element elementor-element-9327192 elementor-position-top elementor-widget elementor-widget-image-box\" data-id=\"9327192\" data-element_type=\"widget\" data-widget_type=\"image-box.default\">\n\t\t\t\t<div class=\"elementor-widget-container\">\n\t\t\t\t\t<div class=\"elementor-image-box-wrapper\"><figure class=\"elementor-image-box-img\"><img loading=\"lazy\" decoding=\"async\" width=\"540\" height=\"540\" src=\"https:\/\/pedrafortebh.com.br\/wp-content\/uploads\/2025\/06\/15.png\" class=\"attachment-full size-full wp-image-1232\" alt=\"\" srcset=\"https:\/\/pedrafortebh.com.br\/wp-content\/uploads\/2025\/06\/15.png 540w, https:\/\/pedrafortebh.com.br\/wp-content\/uploads\/2025\/06\/15-300x300.png 300w, https:\/\/pedrafortebh.com.br\/wp-content\/uploads\/2025\/06\/15-150x150.png 150w\" sizes=\"(max-width: 540px) 100vw, 540px\" \/><\/figure><div class=\"elementor-image-box-content\"><h3 class=\"elementor-image-box-title\">Dimens\u00e3o<\/h3><p class=\"elementor-image-box-description\">m\u00b2<\/p><\/div><\/div>\t\t\t\t<\/div>\n\t\t\t\t<\/div>\n\t\t\t\t<div class=\"elementor-element elementor-element-3738a1d elementor-position-top elementor-widget elementor-widget-image-box\" data-id=\"3738a1d\" data-element_type=\"widget\" data-widget_type=\"image-box.default\">\n\t\t\t\t<div class=\"elementor-widget-container\">\n\t\t\t\t\t<div class=\"elementor-image-box-wrapper\"><figure class=\"elementor-image-box-img\"><img loading=\"lazy\" decoding=\"async\" width=\"540\" height=\"540\" src=\"https:\/\/pedrafortebh.com.br\/wp-content\/uploads\/2025\/06\/16.png\" class=\"attachment-full size-full wp-image-1233\" alt=\"\" srcset=\"https:\/\/pedrafortebh.com.br\/wp-content\/uploads\/2025\/06\/16.png 540w, https:\/\/pedrafortebh.com.br\/wp-content\/uploads\/2025\/06\/16-300x300.png 300w, https:\/\/pedrafortebh.com.br\/wp-content\/uploads\/2025\/06\/16-150x150.png 150w\" sizes=\"(max-width: 540px) 100vw, 540px\" \/><\/figure><div class=\"elementor-image-box-content\"><h3 class=\"elementor-image-box-title\">Pre\u00e7o<\/h3><p class=\"elementor-image-box-description\">Sob consulta<\/p><\/div><\/div>\t\t\t\t<\/div>\n\t\t\t\t<\/div>\n\t\t\t\t\t<\/div>\n\t\t\t\t<\/div>\n\t\t\t\t\t<\/div>\n\t\t<\/div>\n\t\t\t\t\t<\/div>\n\t\t<\/section>\n\t\t<div class=\"elementor-element elementor-element-607e9c7 e-flex e-con-boxed e-con e-parent\" data-id=\"607e9c7\" data-element_type=\"container\">\n\t\t\t\t\t<div class=\"e-con-inner\">\n\t\t<div class=\"elementor-element elementor-element-7577915 e-con-full e-flex e-con e-child\" data-id=\"7577915\" data-element_type=\"container\">\n\t\t\t\t<div class=\"elementor-element elementor-element-5426b68 elementor-widget elementor-widget-heading\" data-id=\"5426b68\" data-element_type=\"widget\" data-widget_type=\"heading.default\">\n\t\t\t\t<div class=\"elementor-widget-container\">\n\t\t\t\t\t<h2 class=\"elementor-heading-title elementor-size-default\">Veja Aplica\u00e7\u00f5es Reais<\/h2>\t\t\t\t<\/div>\n\t\t\t\t<\/div>\n\t\t\t\t<div class=\"elementor-element elementor-element-55b20ae elementor-widget elementor-widget-text-editor\" data-id=\"55b20ae\" data-element_type=\"widget\" data-widget_type=\"text-editor.default\">\n\t\t\t\t<div class=\"elementor-widget-container\">\n\t\t\t\t\t\t\t\t\t<p>Ideal para cozinhas minimalistas, banheiros de alto padr\u00e3o e projetos que pedem contraste entre o claro e o escuro. O Pitaya se destaca com originalidade e requinte.<\/p>\t\t\t\t\t\t\t\t<\/div>\n\t\t\t\t<\/div>\n\t\t\t\t<div class=\"elementor-element elementor-element-3bad9c7 elementor-widget elementor-widget-button\" data-id=\"3bad9c7\" data-element_type=\"widget\" data-widget_type=\"button.default\">\n\t\t\t\t<div class=\"elementor-widget-container\">\n\t\t\t\t\t\t\t\t\t<div class=\"elementor-button-wrapper\">\n\t\t\t\t\t<a class=\"elementor-button elementor-button-link elementor-size-sm\" href=\"https:\/\/api.whatsapp.com\/send?phone=553133841919\" target=\"_blank\">\n\t\t\t\t\t\t<span class=\"elementor-button-content-wrapper\">\n\t\t\t\t\t\t\t\t\t<span class=\"elementor-button-text\">Solicite um or\u00e7amento<\/span>\n\t\t\t\t\t<\/span>\n\t\t\t\t\t<\/a>\n\t\t\t\t<\/div>\n\t\t\t\t\t\t\t\t<\/div>\n\t\t\t\t<\/div>\n\t\t\t\t<\/div>\n\t\t<div class=\"elementor-element elementor-element-5397e87 e-con-full e-flex e-con e-child\" data-id=\"5397e87\" data-element_type=\"container\" data-settings=\"{&quot;background_background&quot;:&quot;classic&quot;,&quot;background_motion_fx_motion_fx_scrolling&quot;:&quot;yes&quot;,&quot;background_motion_fx_translateY_effect&quot;:&quot;yes&quot;,&quot;background_motion_fx_translateY_direction&quot;:&quot;negative&quot;,&quot;background_motion_fx_translateY_speed&quot;:{&quot;unit&quot;:&quot;px&quot;,&quot;size&quot;:3,&quot;sizes&quot;:[]},&quot;background_motion_fx_translateY_affectedRange&quot;:{&quot;unit&quot;:&quot;%&quot;,&quot;size&quot;:&quot;&quot;,&quot;sizes&quot;:{&quot;start&quot;:0,&quot;end&quot;:100}},&quot;background_motion_fx_devices&quot;:[&quot;desktop&quot;,&quot;tablet&quot;,&quot;mobile&quot;]}\">\n\t\t\t\t<div class=\"elementor-element elementor-element-ab9ed58 elementor-widget elementor-widget-spacer\" data-id=\"ab9ed58\" data-element_type=\"widget\" data-widget_type=\"spacer.default\">\n\t\t\t\t<div class=\"elementor-widget-container\">\n\t\t\t\t\t\t\t<div class=\"elementor-spacer\">\n\t\t\t<div class=\"elementor-spacer-inner\"><\/div>\n\t\t<\/div>\n\t\t\t\t\t\t<\/div>\n\t\t\t\t<\/div>\n\t\t\t\t<\/div>\n\t\t\t\t\t<\/div>\n\t\t\t\t<\/div>\n\t\t\t\t<\/div>\n\t\t","protected":false},"excerpt":{"rendered":"<p>Pureza Visual com Detalhes de Personalidade O B. Extreme White, tamb\u00e9m conhecido como Pitaya, \u00e9 uma pedra com fundo branco intenso e pontos escuros contrastantes, que lembram a fruta ex\u00f3tica que lhe d\u00e1 nome. Moderna, ousada e extremamente elegante, ela \u00e9 perfeita para projetos que valorizam o design contempor\u00e2neo e a est\u00e9tica limpa. Formato 280 [&hellip;]<\/p>\n","protected":false},"author":2,"featured_media":0,"parent":0,"menu_order":0,"comment_status":"closed","ping_status":"closed","template":"elementor_header_footer","meta":{"footnotes":""},"class_list":["post-1311","page","type-page","status-publish","hentry"],"_links":{"self":[{"href":"https:\/\/pedrafortebh.com.br\/index.php?rest_route=\/wp\/v2\/pages\/1311","targetHints":{"allow":["GET"]}}],"collection":[{"href":"https:\/\/pedrafortebh.com.br\/index.php?rest_route=\/wp\/v2\/pages"}],"about":[{"href":"https:\/\/pedrafortebh.com.br\/index.php?rest_route=\/wp\/v2\/types\/page"}],"author":[{"embeddable":true,"href":"https:\/\/pedrafortebh.com.br\/index.php?rest_route=\/wp\/v2\/users\/2"}],"replies":[{"embeddable":true,"href":"https:\/\/pedrafortebh.com.br\/index.php?rest_route=%2Fwp%2Fv2%2Fcomments&post=1311"}],"version-history":[{"count":4,"href":"https:\/\/pedrafortebh.com.br\/index.php?rest_route=\/wp\/v2\/pages\/1311\/revisions"}],"predecessor-version":[{"id":1317,"href":"https:\/\/pedrafortebh.com.br\/index.php?rest_route=\/wp\/v2\/pages\/1311\/revisions\/1317"}],"wp:attachment":[{"href":"https:\/\/pedrafortebh.com.br\/index.php?rest_route=%2Fwp%2Fv2%2Fmedia&parent=1311"}],"curies":[{"name":"wp","href":"https:\/\/api.w.org\/{rel}","templated":true}]}}