{"id":1375,"date":"2025-06-10T06:01:31","date_gmt":"2025-06-10T09:01:31","guid":{"rendered":"https:\/\/pedrafortebh.com.br\/?page_id=1375"},"modified":"2025-06-10T08:24:09","modified_gmt":"2025-06-10T11:24:09","slug":"hitam-importada","status":"publish","type":"page","link":"https:\/\/pedrafortebh.com.br\/?page_id=1375","title":{"rendered":"Hitam Importada"},"content":{"rendered":"\t\t<div data-elementor-type=\"wp-page\" data-elementor-id=\"1375\" class=\"elementor elementor-1375\" data-elementor-post-type=\"page\">\n\t\t\t\t<div class=\"elementor-element elementor-element-b0ba9b3 e-flex e-con-boxed e-con e-parent\" data-id=\"b0ba9b3\" data-element_type=\"container\" data-settings=\"{&quot;background_background&quot;:&quot;classic&quot;}\">\n\t\t\t\t\t<div class=\"e-con-inner\">\n\t\t\t\t\t<\/div>\n\t\t\t\t<\/div>\n\t\t\t\t<section class=\"elementor-section elementor-top-section elementor-element elementor-element-3929848 elementor-section-content-middle elementor-section-boxed elementor-section-height-default elementor-section-height-default\" data-id=\"3929848\" data-element_type=\"section\">\n\t\t\t\t\t\t<div class=\"elementor-container elementor-column-gap-default\">\n\t\t\t\t\t<div class=\"elementor-column elementor-col-50 elementor-top-column elementor-element elementor-element-1c2cd68\" data-id=\"1c2cd68\" data-element_type=\"column\" data-settings=\"{&quot;background_background&quot;:&quot;classic&quot;}\">\n\t\t\t<div class=\"elementor-widget-wrap elementor-element-populated\">\n\t\t\t\t\t\t<div class=\"elementor-element elementor-element-aa6abf1 elementor-widget elementor-widget-spacer\" data-id=\"aa6abf1\" data-element_type=\"widget\" data-widget_type=\"spacer.default\">\n\t\t\t\t<div class=\"elementor-widget-container\">\n\t\t\t\t\t\t\t<div class=\"elementor-spacer\">\n\t\t\t<div class=\"elementor-spacer-inner\"><\/div>\n\t\t<\/div>\n\t\t\t\t\t\t<\/div>\n\t\t\t\t<\/div>\n\t\t\t\t\t<\/div>\n\t\t<\/div>\n\t\t\t\t<div class=\"elementor-column elementor-col-50 elementor-top-column elementor-element elementor-element-a023a02\" data-id=\"a023a02\" data-element_type=\"column\">\n\t\t\t<div class=\"elementor-widget-wrap elementor-element-populated\">\n\t\t\t\t\t\t<div class=\"elementor-element elementor-element-571a0cb elementor-widget elementor-widget-heading\" data-id=\"571a0cb\" data-element_type=\"widget\" data-widget_type=\"heading.default\">\n\t\t\t\t<div class=\"elementor-widget-container\">\n\t\t\t\t\t<h2 class=\"elementor-heading-title elementor-size-default\">Sofistica\u00e7\u00e3o vulc\u00e2nica e performance em ambientes externos e internos\n<\/h2>\t\t\t\t<\/div>\n\t\t\t\t<\/div>\n\t\t\t\t<div class=\"elementor-element elementor-element-4556556 elementor-widget elementor-widget-text-editor\" data-id=\"4556556\" data-element_type=\"widget\" data-widget_type=\"text-editor.default\">\n\t\t\t\t<div class=\"elementor-widget-container\">\n\t\t\t\t\t\t\t\t\t<p>A pedra <strong data-start=\"258\" data-end=\"277\">Hitam Importada<\/strong> \u00e9 conhecida por seu visual marcante e textura natural, ideal para projetos de alto padr\u00e3o. Sua colora\u00e7\u00e3o escura e acabamento antiderrapante fazem dela a escolha perfeita para piscinas, espelhos d\u2019\u00e1gua, caminhos e \u00e1reas gourmet com eleg\u00e2ncia e seguran\u00e7a.<\/p>\t\t\t\t\t\t\t\t<\/div>\n\t\t\t\t<\/div>\n\t\t<div class=\"elementor-element elementor-element-6fcef4f e-grid e-con-boxed e-con e-parent\" data-id=\"6fcef4f\" data-element_type=\"container\">\n\t\t\t\t\t<div class=\"e-con-inner\">\n\t\t\t\t<div class=\"elementor-element elementor-element-3bacfe2 elementor-position-top elementor-widget elementor-widget-image-box\" data-id=\"3bacfe2\" data-element_type=\"widget\" data-widget_type=\"image-box.default\">\n\t\t\t\t<div class=\"elementor-widget-container\">\n\t\t\t\t\t<div class=\"elementor-image-box-wrapper\"><figure class=\"elementor-image-box-img\"><img fetchpriority=\"high\" decoding=\"async\" width=\"540\" height=\"540\" src=\"https:\/\/pedrafortebh.com.br\/wp-content\/uploads\/2025\/06\/9.png\" class=\"attachment-full size-full wp-image-1226\" alt=\"\" srcset=\"https:\/\/pedrafortebh.com.br\/wp-content\/uploads\/2025\/06\/9.png 540w, https:\/\/pedrafortebh.com.br\/wp-content\/uploads\/2025\/06\/9-300x300.png 300w, https:\/\/pedrafortebh.com.br\/wp-content\/uploads\/2025\/06\/9-150x150.png 150w\" sizes=\"(max-width: 540px) 100vw, 540px\" \/><\/figure><div class=\"elementor-image-box-content\"><h3 class=\"elementor-image-box-title\">Formato<\/h3><p class=\"elementor-image-box-description\">10 x 10 cm<\/p><\/div><\/div>\t\t\t\t<\/div>\n\t\t\t\t<\/div>\n\t\t\t\t<div class=\"elementor-element elementor-element-6bd0a87 elementor-position-top elementor-widget elementor-widget-image-box\" data-id=\"6bd0a87\" data-element_type=\"widget\" data-widget_type=\"image-box.default\">\n\t\t\t\t<div class=\"elementor-widget-container\">\n\t\t\t\t\t<div class=\"elementor-image-box-wrapper\"><figure class=\"elementor-image-box-img\"><img decoding=\"async\" width=\"540\" height=\"540\" src=\"https:\/\/pedrafortebh.com.br\/wp-content\/uploads\/2025\/06\/10.png\" class=\"attachment-full size-full wp-image-1227\" alt=\"\" srcset=\"https:\/\/pedrafortebh.com.br\/wp-content\/uploads\/2025\/06\/10.png 540w, https:\/\/pedrafortebh.com.br\/wp-content\/uploads\/2025\/06\/10-300x300.png 300w, https:\/\/pedrafortebh.com.br\/wp-content\/uploads\/2025\/06\/10-150x150.png 150w\" sizes=\"(max-width: 540px) 100vw, 540px\" \/><\/figure><div class=\"elementor-image-box-content\"><h3 class=\"elementor-image-box-title\">Espessura<\/h3><p class=\"elementor-image-box-description\">1,0 cm<\/p><\/div><\/div>\t\t\t\t<\/div>\n\t\t\t\t<\/div>\n\t\t\t\t<div class=\"elementor-element elementor-element-ea4f777 elementor-position-top elementor-widget elementor-widget-image-box\" data-id=\"ea4f777\" data-element_type=\"widget\" data-widget_type=\"image-box.default\">\n\t\t\t\t<div class=\"elementor-widget-container\">\n\t\t\t\t\t<div class=\"elementor-image-box-wrapper\"><figure class=\"elementor-image-box-img\"><img decoding=\"async\" width=\"540\" height=\"540\" src=\"https:\/\/pedrafortebh.com.br\/wp-content\/uploads\/2025\/06\/11.png\" class=\"attachment-full size-full wp-image-1228\" alt=\"\" srcset=\"https:\/\/pedrafortebh.com.br\/wp-content\/uploads\/2025\/06\/11.png 540w, https:\/\/pedrafortebh.com.br\/wp-content\/uploads\/2025\/06\/11-300x300.png 300w, https:\/\/pedrafortebh.com.br\/wp-content\/uploads\/2025\/06\/11-150x150.png 150w\" sizes=\"(max-width: 540px) 100vw, 540px\" \/><\/figure><div class=\"elementor-image-box-content\"><h3 class=\"elementor-image-box-title\">Peso Aproximado<\/h3><p class=\"elementor-image-box-description\">30 kg\/m\u00b2<\/p><\/div><\/div>\t\t\t\t<\/div>\n\t\t\t\t<\/div>\n\t\t\t\t<div class=\"elementor-element elementor-element-083bcf1 elementor-position-top elementor-widget elementor-widget-image-box\" data-id=\"083bcf1\" data-element_type=\"widget\" data-widget_type=\"image-box.default\">\n\t\t\t\t<div class=\"elementor-widget-container\">\n\t\t\t\t\t<div class=\"elementor-image-box-wrapper\"><figure class=\"elementor-image-box-img\"><img loading=\"lazy\" decoding=\"async\" width=\"540\" height=\"540\" src=\"https:\/\/pedrafortebh.com.br\/wp-content\/uploads\/2025\/06\/12.png\" class=\"attachment-full size-full wp-image-1229\" alt=\"\" srcset=\"https:\/\/pedrafortebh.com.br\/wp-content\/uploads\/2025\/06\/12.png 540w, https:\/\/pedrafortebh.com.br\/wp-content\/uploads\/2025\/06\/12-300x300.png 300w, https:\/\/pedrafortebh.com.br\/wp-content\/uploads\/2025\/06\/12-150x150.png 150w\" sizes=\"(max-width: 540px) 100vw, 540px\" \/><\/figure><div class=\"elementor-image-box-content\"><h3 class=\"elementor-image-box-title\">Origem<\/h3><p class=\"elementor-image-box-description\">Importada<\/p><\/div><\/div>\t\t\t\t<\/div>\n\t\t\t\t<\/div>\n\t\t\t\t<div class=\"elementor-element elementor-element-a4247e8 elementor-position-top elementor-widget elementor-widget-image-box\" data-id=\"a4247e8\" data-element_type=\"widget\" data-widget_type=\"image-box.default\">\n\t\t\t\t<div class=\"elementor-widget-container\">\n\t\t\t\t\t<div class=\"elementor-image-box-wrapper\"><figure class=\"elementor-image-box-img\"><img loading=\"lazy\" decoding=\"async\" width=\"540\" height=\"540\" src=\"https:\/\/pedrafortebh.com.br\/wp-content\/uploads\/2025\/06\/13.png\" class=\"attachment-full size-full wp-image-1230\" alt=\"\" srcset=\"https:\/\/pedrafortebh.com.br\/wp-content\/uploads\/2025\/06\/13.png 540w, https:\/\/pedrafortebh.com.br\/wp-content\/uploads\/2025\/06\/13-300x300.png 300w, https:\/\/pedrafortebh.com.br\/wp-content\/uploads\/2025\/06\/13-150x150.png 150w\" sizes=\"(max-width: 540px) 100vw, 540px\" \/><\/figure><div class=\"elementor-image-box-content\"><h3 class=\"elementor-image-box-title\">Tipo de Pedra<\/h3><p class=\"elementor-image-box-description\">Pedra Natural<\/p><\/div><\/div>\t\t\t\t<\/div>\n\t\t\t\t<\/div>\n\t\t\t\t<div class=\"elementor-element elementor-element-2544e11 elementor-position-top elementor-widget elementor-widget-image-box\" data-id=\"2544e11\" data-element_type=\"widget\" data-widget_type=\"image-box.default\">\n\t\t\t\t<div class=\"elementor-widget-container\">\n\t\t\t\t\t<div class=\"elementor-image-box-wrapper\"><figure class=\"elementor-image-box-img\"><img loading=\"lazy\" decoding=\"async\" width=\"540\" height=\"540\" src=\"https:\/\/pedrafortebh.com.br\/wp-content\/uploads\/2025\/06\/14.png\" class=\"attachment-full size-full wp-image-1231\" alt=\"\" srcset=\"https:\/\/pedrafortebh.com.br\/wp-content\/uploads\/2025\/06\/14.png 540w, https:\/\/pedrafortebh.com.br\/wp-content\/uploads\/2025\/06\/14-300x300.png 300w, https:\/\/pedrafortebh.com.br\/wp-content\/uploads\/2025\/06\/14-150x150.png 150w\" sizes=\"(max-width: 540px) 100vw, 540px\" \/><\/figure><div class=\"elementor-image-box-content\"><h3 class=\"elementor-image-box-title\">Rendimento<\/h3><p class=\"elementor-image-box-description\">100 pe\u00e7as\/m\u00b2<\/p><\/div><\/div>\t\t\t\t<\/div>\n\t\t\t\t<\/div>\n\t\t\t\t<div class=\"elementor-element elementor-element-5ac63bb elementor-position-top elementor-widget elementor-widget-image-box\" data-id=\"5ac63bb\" data-element_type=\"widget\" data-widget_type=\"image-box.default\">\n\t\t\t\t<div class=\"elementor-widget-container\">\n\t\t\t\t\t<div class=\"elementor-image-box-wrapper\"><figure class=\"elementor-image-box-img\"><img loading=\"lazy\" decoding=\"async\" width=\"540\" height=\"540\" src=\"https:\/\/pedrafortebh.com.br\/wp-content\/uploads\/2025\/06\/15.png\" class=\"attachment-full size-full wp-image-1232\" alt=\"\" srcset=\"https:\/\/pedrafortebh.com.br\/wp-content\/uploads\/2025\/06\/15.png 540w, https:\/\/pedrafortebh.com.br\/wp-content\/uploads\/2025\/06\/15-300x300.png 300w, https:\/\/pedrafortebh.com.br\/wp-content\/uploads\/2025\/06\/15-150x150.png 150w\" sizes=\"(max-width: 540px) 100vw, 540px\" \/><\/figure><div class=\"elementor-image-box-content\"><h3 class=\"elementor-image-box-title\">Palete<\/h3><p class=\"elementor-image-box-description\">60 m\u00b2<\/p><\/div><\/div>\t\t\t\t<\/div>\n\t\t\t\t<\/div>\n\t\t\t\t<div class=\"elementor-element elementor-element-27149cb elementor-position-top elementor-widget elementor-widget-image-box\" data-id=\"27149cb\" data-element_type=\"widget\" data-widget_type=\"image-box.default\">\n\t\t\t\t<div class=\"elementor-widget-container\">\n\t\t\t\t\t<div class=\"elementor-image-box-wrapper\"><figure class=\"elementor-image-box-img\"><img loading=\"lazy\" decoding=\"async\" width=\"540\" height=\"540\" src=\"https:\/\/pedrafortebh.com.br\/wp-content\/uploads\/2025\/06\/16.png\" class=\"attachment-full size-full wp-image-1233\" alt=\"\" srcset=\"https:\/\/pedrafortebh.com.br\/wp-content\/uploads\/2025\/06\/16.png 540w, https:\/\/pedrafortebh.com.br\/wp-content\/uploads\/2025\/06\/16-300x300.png 300w, https:\/\/pedrafortebh.com.br\/wp-content\/uploads\/2025\/06\/16-150x150.png 150w\" sizes=\"(max-width: 540px) 100vw, 540px\" \/><\/figure><div class=\"elementor-image-box-content\"><h3 class=\"elementor-image-box-title\">Pre\u00e7o<\/h3><p class=\"elementor-image-box-description\">Sob consulta<\/p><\/div><\/div>\t\t\t\t<\/div>\n\t\t\t\t<\/div>\n\t\t\t\t\t<\/div>\n\t\t\t\t<\/div>\n\t\t\t\t\t<\/div>\n\t\t<\/div>\n\t\t\t\t\t<\/div>\n\t\t<\/section>\n\t\t<div class=\"elementor-element elementor-element-5e95df2 e-flex e-con-boxed e-con e-parent\" data-id=\"5e95df2\" data-element_type=\"container\">\n\t\t\t\t\t<div class=\"e-con-inner\">\n\t\t<div class=\"elementor-element elementor-element-090563c e-con-full e-flex e-con e-child\" data-id=\"090563c\" data-element_type=\"container\">\n\t\t\t\t<div class=\"elementor-element elementor-element-d9a8491 elementor-widget elementor-widget-heading\" data-id=\"d9a8491\" data-element_type=\"widget\" data-widget_type=\"heading.default\">\n\t\t\t\t<div class=\"elementor-widget-container\">\n\t\t\t\t\t<h2 class=\"elementor-heading-title elementor-size-default\">Inspira\u00e7\u00e3o de Projeto<\/h2>\t\t\t\t<\/div>\n\t\t\t\t<\/div>\n\t\t\t\t<div class=\"elementor-element elementor-element-d040ae0 elementor-widget elementor-widget-text-editor\" data-id=\"d040ae0\" data-element_type=\"widget\" data-widget_type=\"text-editor.default\">\n\t\t\t\t<div class=\"elementor-widget-container\">\n\t\t\t\t\t\t\t\t\t<p>A Hitam \u00e9 altamente valorizada por arquitetos e paisagistas. Perfeita para piscinas com bordas infinitas, \u00e1reas de spa, jardins e caminhos. Proporciona conforto t\u00e9rmico e beleza r\u00fastica com acabamento moderno.<\/p>\t\t\t\t\t\t\t\t<\/div>\n\t\t\t\t<\/div>\n\t\t\t\t<div class=\"elementor-element elementor-element-fb8c73e elementor-widget elementor-widget-button\" data-id=\"fb8c73e\" data-element_type=\"widget\" data-widget_type=\"button.default\">\n\t\t\t\t<div class=\"elementor-widget-container\">\n\t\t\t\t\t\t\t\t\t<div class=\"elementor-button-wrapper\">\n\t\t\t\t\t<a class=\"elementor-button elementor-button-link elementor-size-sm\" href=\"https:\/\/api.whatsapp.com\/send?phone=553133841919\" target=\"_blank\">\n\t\t\t\t\t\t<span class=\"elementor-button-content-wrapper\">\n\t\t\t\t\t\t\t\t\t<span class=\"elementor-button-text\">Solicite um or\u00e7amento<\/span>\n\t\t\t\t\t<\/span>\n\t\t\t\t\t<\/a>\n\t\t\t\t<\/div>\n\t\t\t\t\t\t\t\t<\/div>\n\t\t\t\t<\/div>\n\t\t\t\t<\/div>\n\t\t<div class=\"elementor-element elementor-element-fc1035a e-con-full e-flex e-con e-child\" data-id=\"fc1035a\" data-element_type=\"container\" data-settings=\"{&quot;background_background&quot;:&quot;classic&quot;,&quot;background_motion_fx_motion_fx_scrolling&quot;:&quot;yes&quot;,&quot;background_motion_fx_translateY_effect&quot;:&quot;yes&quot;,&quot;background_motion_fx_translateY_direction&quot;:&quot;negative&quot;,&quot;background_motion_fx_translateY_speed&quot;:{&quot;unit&quot;:&quot;px&quot;,&quot;size&quot;:3,&quot;sizes&quot;:[]},&quot;background_motion_fx_translateY_affectedRange&quot;:{&quot;unit&quot;:&quot;%&quot;,&quot;size&quot;:&quot;&quot;,&quot;sizes&quot;:{&quot;start&quot;:0,&quot;end&quot;:100}},&quot;background_motion_fx_devices&quot;:[&quot;desktop&quot;,&quot;tablet&quot;,&quot;mobile&quot;]}\">\n\t\t\t\t<div class=\"elementor-element elementor-element-1f1ac03 elementor-widget elementor-widget-spacer\" data-id=\"1f1ac03\" data-element_type=\"widget\" data-widget_type=\"spacer.default\">\n\t\t\t\t<div class=\"elementor-widget-container\">\n\t\t\t\t\t\t\t<div class=\"elementor-spacer\">\n\t\t\t<div class=\"elementor-spacer-inner\"><\/div>\n\t\t<\/div>\n\t\t\t\t\t\t<\/div>\n\t\t\t\t<\/div>\n\t\t\t\t<\/div>\n\t\t\t\t\t<\/div>\n\t\t\t\t<\/div>\n\t\t\t\t<\/div>\n\t\t","protected":false},"excerpt":{"rendered":"<p>Sofistica\u00e7\u00e3o vulc\u00e2nica e performance em ambientes externos e internos A pedra Hitam Importada \u00e9 conhecida por seu visual marcante e textura natural, ideal para projetos de alto padr\u00e3o. Sua colora\u00e7\u00e3o escura e acabamento antiderrapante fazem dela a escolha perfeita para piscinas, espelhos d\u2019\u00e1gua, caminhos e \u00e1reas gourmet com eleg\u00e2ncia e seguran\u00e7a. Formato 10 x 10 [&hellip;]<\/p>\n","protected":false},"author":2,"featured_media":0,"parent":0,"menu_order":0,"comment_status":"closed","ping_status":"closed","template":"elementor_header_footer","meta":{"footnotes":""},"class_list":["post-1375","page","type-page","status-publish","hentry"],"_links":{"self":[{"href":"https:\/\/pedrafortebh.com.br\/index.php?rest_route=\/wp\/v2\/pages\/1375","targetHints":{"allow":["GET"]}}],"collection":[{"href":"https:\/\/pedrafortebh.com.br\/index.php?rest_route=\/wp\/v2\/pages"}],"about":[{"href":"https:\/\/pedrafortebh.com.br\/index.php?rest_route=\/wp\/v2\/types\/page"}],"author":[{"embeddable":true,"href":"https:\/\/pedrafortebh.com.br\/index.php?rest_route=\/wp\/v2\/users\/2"}],"replies":[{"embeddable":true,"href":"https:\/\/pedrafortebh.com.br\/index.php?rest_route=%2Fwp%2Fv2%2Fcomments&post=1375"}],"version-history":[{"count":7,"href":"https:\/\/pedrafortebh.com.br\/index.php?rest_route=\/wp\/v2\/pages\/1375\/revisions"}],"predecessor-version":[{"id":1419,"href":"https:\/\/pedrafortebh.com.br\/index.php?rest_route=\/wp\/v2\/pages\/1375\/revisions\/1419"}],"wp:attachment":[{"href":"https:\/\/pedrafortebh.com.br\/index.php?rest_route=%2Fwp%2Fv2%2Fmedia&parent=1375"}],"curies":[{"name":"wp","href":"https:\/\/api.w.org\/{rel}","templated":true}]}}