{"id":216,"date":"2024-10-09T09:58:48","date_gmt":"2024-10-09T12:58:48","guid":{"rendered":"https:\/\/pedrafortebh.com.br\/?page_id=216"},"modified":"2025-03-24T17:32:34","modified_gmt":"2025-03-24T20:32:34","slug":"ardosia","status":"publish","type":"page","link":"https:\/\/pedrafortebh.com.br\/?page_id=216","title":{"rendered":"Ard\u00f3sia"},"content":{"rendered":"\t\t<div data-elementor-type=\"wp-page\" data-elementor-id=\"216\" class=\"elementor elementor-216\" data-elementor-post-type=\"page\">\n\t\t\t\t\t\t<section class=\"elementor-section elementor-top-section elementor-element elementor-element-6553477 elementor-section-height-min-height elementor-section-boxed elementor-section-height-default elementor-section-items-middle\" data-id=\"6553477\" data-element_type=\"section\" data-settings=\"{&quot;background_background&quot;:&quot;classic&quot;}\">\n\t\t\t\t\t\t\t<div class=\"elementor-background-overlay\"><\/div>\n\t\t\t\t\t\t\t<div class=\"elementor-container elementor-column-gap-default\">\n\t\t\t\t\t<div class=\"elementor-column elementor-col-100 elementor-top-column elementor-element elementor-element-b330b84\" data-id=\"b330b84\" data-element_type=\"column\">\n\t\t\t<div class=\"elementor-widget-wrap elementor-element-populated\">\n\t\t\t\t\t\t<div class=\"elementor-element elementor-element-7cdc895 elementor-widget elementor-widget-heading\" data-id=\"7cdc895\" data-element_type=\"widget\" data-widget_type=\"heading.default\">\n\t\t\t\t<div class=\"elementor-widget-container\">\n\t\t\t\t\t<h2 class=\"elementor-heading-title elementor-size-default\">Ard\u00f3sia<\/h2>\t\t\t\t<\/div>\n\t\t\t\t<\/div>\n\t\t\t\t<div class=\"elementor-element elementor-element-a54110d elementor-widget elementor-widget-text-editor\" data-id=\"a54110d\" data-element_type=\"widget\" data-widget_type=\"text-editor.default\">\n\t\t\t\t<div class=\"elementor-widget-container\">\n\t\t\t\t\t\t\t\t\t<p>Projetos de acordo com suas necessidades<\/p>\t\t\t\t\t\t\t\t<\/div>\n\t\t\t\t<\/div>\n\t\t\t\t\t<\/div>\n\t\t<\/div>\n\t\t\t\t\t<\/div>\n\t\t<\/section>\n\t\t\t\t<section class=\"elementor-section elementor-top-section elementor-element elementor-element-a59061b elementor-section-boxed elementor-section-height-default elementor-section-height-default\" data-id=\"a59061b\" data-element_type=\"section\" data-settings=\"{&quot;background_background&quot;:&quot;classic&quot;}\">\n\t\t\t\t\t\t<div class=\"elementor-container elementor-column-gap-default\">\n\t\t\t\t\t<div class=\"elementor-column elementor-col-50 elementor-top-column elementor-element elementor-element-ba87198\" data-id=\"ba87198\" data-element_type=\"column\">\n\t\t\t<div class=\"elementor-widget-wrap elementor-element-populated\">\n\t\t\t\t\t\t<div class=\"elementor-element elementor-element-ed0bd9e elementor-widget elementor-widget-heading\" data-id=\"ed0bd9e\" data-element_type=\"widget\" data-widget_type=\"heading.default\">\n\t\t\t\t<div class=\"elementor-widget-container\">\n\t\t\t\t\t<h2 class=\"elementor-heading-title elementor-size-default\">Transformamos  Ard\u00f3sia em:<\/h2>\t\t\t\t<\/div>\n\t\t\t\t<\/div>\n\t\t\t\t<div class=\"elementor-element elementor-element-eef5197 elementor-widget elementor-widget-text-editor\" data-id=\"eef5197\" data-element_type=\"widget\" data-widget_type=\"text-editor.default\">\n\t\t\t\t<div class=\"elementor-widget-container\">\n\t\t\t\t\t\t\t\t\tTransformamos em: Bancadas, Chap\u00e9u de Muro, Divis\u00f3rias, M\u00f3veis (Bancos e Mesas), Pisos, Suporte de Caixa d\u00b4\u00c1gua, dentre outras finalidades.\t\t\t\t\t\t\t\t<\/div>\n\t\t\t\t<\/div>\n\t\t\t\t<div class=\"elementor-element elementor-element-3581ea6 elementor-mobile-align-center elementor-widget elementor-widget-button\" data-id=\"3581ea6\" data-element_type=\"widget\" data-widget_type=\"button.default\">\n\t\t\t\t<div class=\"elementor-widget-container\">\n\t\t\t\t\t\t\t\t\t<div class=\"elementor-button-wrapper\">\n\t\t\t\t\t<a class=\"elementor-button elementor-button-link elementor-size-sm\" href=\"https:\/\/wa.link\/rfryn6\" target=\"_blank\">\n\t\t\t\t\t\t<span class=\"elementor-button-content-wrapper\">\n\t\t\t\t\t\t\t\t\t<span class=\"elementor-button-text\">Solicite um or\u00e7amento<\/span>\n\t\t\t\t\t<\/span>\n\t\t\t\t\t<\/a>\n\t\t\t\t<\/div>\n\t\t\t\t\t\t\t\t<\/div>\n\t\t\t\t<\/div>\n\t\t\t\t\t<\/div>\n\t\t<\/div>\n\t\t\t\t<div class=\"elementor-column elementor-col-50 elementor-top-column elementor-element elementor-element-e302907\" data-id=\"e302907\" data-element_type=\"column\">\n\t\t\t<div class=\"elementor-widget-wrap elementor-element-populated\">\n\t\t\t\t\t\t<div class=\"elementor-element elementor-element-3bf8bfd elementor-widget elementor-widget-image\" data-id=\"3bf8bfd\" data-element_type=\"widget\" data-widget_type=\"image.default\">\n\t\t\t\t<div class=\"elementor-widget-container\">\n\t\t\t\t\t\t\t\t\t\t\t\t\t\t\t<img fetchpriority=\"high\" decoding=\"async\" width=\"800\" height=\"450\" src=\"https:\/\/pedrafortebh.com.br\/wp-content\/uploads\/2024\/10\/Moveis-em-Ardosia-Natural-01.jpg\" class=\"attachment-large size-large wp-image-585\" alt=\"\" srcset=\"https:\/\/pedrafortebh.com.br\/wp-content\/uploads\/2024\/10\/Moveis-em-Ardosia-Natural-01.jpg 800w, https:\/\/pedrafortebh.com.br\/wp-content\/uploads\/2024\/10\/Moveis-em-Ardosia-Natural-01-300x169.jpg 300w, https:\/\/pedrafortebh.com.br\/wp-content\/uploads\/2024\/10\/Moveis-em-Ardosia-Natural-01-768x432.jpg 768w\" sizes=\"(max-width: 800px) 100vw, 800px\" \/>\t\t\t\t\t\t\t\t\t\t\t\t\t\t\t<\/div>\n\t\t\t\t<\/div>\n\t\t\t\t\t<\/div>\n\t\t<\/div>\n\t\t\t\t\t<\/div>\n\t\t<\/section>\n\t\t<div class=\"elementor-element elementor-element-f2513c1 e-flex e-con-boxed e-con e-parent\" data-id=\"f2513c1\" data-element_type=\"container\">\n\t\t\t\t\t<div class=\"e-con-inner\">\n\t\t<div class=\"elementor-element elementor-element-3e31721 e-con-full e-grid e-con e-child\" data-id=\"3e31721\" data-element_type=\"container\">\n\t\t\t\t<div class=\"elementor-element elementor-element-f9b5e26 elementor-widget elementor-widget-image\" data-id=\"f9b5e26\" data-element_type=\"widget\" data-widget_type=\"image.default\">\n\t\t\t\t<div class=\"elementor-widget-container\">\n\t\t\t\t\t\t\t\t\t\t\t\t\t\t\t<img decoding=\"async\" width=\"300\" height=\"200\" src=\"https:\/\/pedrafortebh.com.br\/wp-content\/uploads\/2025\/03\/Ardosia-Natural-300x200-1.jpg\" class=\"attachment-full size-full wp-image-1112\" alt=\"\" \/>\t\t\t\t\t\t\t\t\t\t\t\t\t\t\t<\/div>\n\t\t\t\t<\/div>\n\t\t\t\t<div class=\"elementor-element elementor-element-7191b36 elementor-widget elementor-widget-image\" data-id=\"7191b36\" data-element_type=\"widget\" data-widget_type=\"image.default\">\n\t\t\t\t<div class=\"elementor-widget-container\">\n\t\t\t\t\t\t\t\t\t\t\t\t\t\t\t<img decoding=\"async\" width=\"300\" height=\"185\" src=\"https:\/\/pedrafortebh.com.br\/wp-content\/uploads\/2025\/03\/Ardosia-Polida-300x185-1.jpg\" class=\"attachment-full size-full wp-image-1111\" alt=\"\" \/>\t\t\t\t\t\t\t\t\t\t\t\t\t\t\t<\/div>\n\t\t\t\t<\/div>\n\t\t\t\t<div class=\"elementor-element elementor-element-5b82eba elementor-widget elementor-widget-image\" data-id=\"5b82eba\" data-element_type=\"widget\" data-widget_type=\"image.default\">\n\t\t\t\t<div class=\"elementor-widget-container\">\n\t\t\t\t\t\t\t\t\t\t\t\t\t\t\t<img loading=\"lazy\" decoding=\"async\" width=\"300\" height=\"145\" src=\"https:\/\/pedrafortebh.com.br\/wp-content\/uploads\/2025\/03\/Degrau-Ardosia-Natural-5cm-300x145-1.jpg\" class=\"attachment-full size-full wp-image-1110\" alt=\"\" \/>\t\t\t\t\t\t\t\t\t\t\t\t\t\t\t<\/div>\n\t\t\t\t<\/div>\n\t\t\t\t<div class=\"elementor-element elementor-element-01cfebb elementor-widget elementor-widget-image\" data-id=\"01cfebb\" data-element_type=\"widget\" data-widget_type=\"image.default\">\n\t\t\t\t<div class=\"elementor-widget-container\">\n\t\t\t\t\t\t\t\t\t\t\t\t\t\t\t<img loading=\"lazy\" decoding=\"async\" width=\"300\" height=\"198\" src=\"https:\/\/pedrafortebh.com.br\/wp-content\/uploads\/2025\/03\/Moveis-em-Ardosia-300x198-1.jpg\" class=\"attachment-full size-full wp-image-1109\" alt=\"\" \/>\t\t\t\t\t\t\t\t\t\t\t\t\t\t\t<\/div>\n\t\t\t\t<\/div>\n\t\t\t\t<\/div>\n\t\t<div class=\"elementor-element elementor-element-dabfdbe e-con-full e-flex e-con e-child\" data-id=\"dabfdbe\" data-element_type=\"container\">\n\t\t\t\t<div class=\"elementor-element elementor-element-c5ae588 elementor-widget elementor-widget-text-editor\" data-id=\"c5ae588\" data-element_type=\"widget\" data-widget_type=\"text-editor.default\">\n\t\t\t\t<div class=\"elementor-widget-container\">\n\t\t\t\t\t\t\t\t\t<p><strong>Sobre a Ard\u00f3sia:<\/strong><br \/>A Ard\u00f3sia \u00e9 uma rocha metam\u00f3rfica de gr\u00e3o fino e homog\u00eaneo composta por argila ou cinzas vulc\u00e2nicas que foram metamorfizadas em camadas. Desde o s\u00e9culo X se tem not\u00edcias do uso e exporta\u00e7\u00e3o da pedra Ard\u00f3sia. Ela representa mat\u00e9ria-prima de ampla utiliza\u00e7\u00e3o para revestimentos.<\/p><p>A Ard\u00f3sia \u00e9 considerada o revestimento da modernidade nos mercados norte-americano, europeu e asi\u00e1tico. Em Minas Gerais, o uso da Ard\u00f3sia \u00e9 muito comum, e isso tem uma raz\u00e3o de ser. O Brasil, atrav\u00e9s deste Estado, j\u00e1 ocupa o segundo lugar em termos de produ\u00e7\u00e3o, consumo e exporta\u00e7\u00e3o mundial de Ard\u00f3sia, competindo em qualidade com os melhores produtos das diversas jazidas mundiais.<\/p><p>Mas quais s\u00e3o as vantagens e desvantagens do seu uso? Clivagem preferencial (planos paralelos a subparalelos de parti\u00e7\u00e3o), dureza m\u00e9dia, baixa porosidade, alta resist\u00eancia mec\u00e2nica, forma\u00e7\u00e3o por minerais resistentes ao intemperismo, alto n\u00edvel de absor\u00e7\u00e3o d\u00b4\u00e1gua e resist\u00eancia a \u00e1cidos s\u00e3o as principais caracter\u00edsticas que permitem \u00e0 Ard\u00f3sia uma ampla utiliza\u00e7\u00e3o, tanto de uso interno como externo.<\/p><p>Mesmo existindo v\u00e1rias tonalidades, a principal variedade produzida \u00e9 a Ard\u00f3sia Cinza, em seu aspecto natural. A Ard\u00f3sia se destaca em revestimentos internos pela grande afinidade est\u00e9tica com outros materiais como madeiras, metais, lou\u00e7as, tecidos e tape\u00e7arias.<\/p><p>Al\u00e9m disso, a durabilidade dos revestimentos de ard\u00f3sia e a facilidade de sua manuten\u00e7\u00e3o e limpeza lhes assegura grande confiabilidade de uso na constru\u00e7\u00e3o civil. A Ard\u00f3sia \u00e9 um revestimento de excelente custo-benef\u00edcio (bom produto por custo acess\u00edvel).<\/p><p>N\u00e3o \u00e9 recomendado que ambientes com piso em Ard\u00f3sia fiquem expostos a chuvas, pois quando molhadas, as pedras podem se tornar escorregadias, principalmente se forem polidas. Tamb\u00e9m n\u00e3o \u00e9 recomendada para ambientes que necessitem de um conforto ac\u00fastico mais cuidadoso.<\/p><p>A manuten\u00e7\u00e3o semanal envolve cera (para pe\u00e7as polidas), de modo a resgatar o brilho perdido decorrente do uso, e pano \u00famido.<\/p>\t\t\t\t\t\t\t\t<\/div>\n\t\t\t\t<\/div>\n\t\t\t\t<\/div>\n\t\t\t\t\t<\/div>\n\t\t\t\t<\/div>\n\t\t<div class=\"elementor-element elementor-element-7b6415a e-con-full e-flex e-con e-parent\" data-id=\"7b6415a\" data-element_type=\"container\" data-settings=\"{&quot;background_background&quot;:&quot;classic&quot;}\">\n\t\t\t\t<div class=\"elementor-element elementor-element-8f276b4 elementor-widget elementor-widget-heading\" data-id=\"8f276b4\" data-element_type=\"widget\" data-widget_type=\"heading.default\">\n\t\t\t\t<div class=\"elementor-widget-container\">\n\t\t\t\t\t<h2 class=\"elementor-heading-title elementor-size-default\">PRECISA DE ALGUM OUTRO PRODUTO EM ACABAMENTOS ESPECIAIS?<br><br>\n\nENTRE EM CONTATO, N\u00d3S CONSEGUIMOS PARA VOC\u00ca.<\/h2>\t\t\t\t<\/div>\n\t\t\t\t<\/div>\n\t\t\t\t<div class=\"elementor-element elementor-element-47d8ed6 elementor-widget elementor-widget-button\" data-id=\"47d8ed6\" data-element_type=\"widget\" data-widget_type=\"button.default\">\n\t\t\t\t<div class=\"elementor-widget-container\">\n\t\t\t\t\t\t\t\t\t<div class=\"elementor-button-wrapper\">\n\t\t\t\t\t<a class=\"elementor-button elementor-button-link elementor-size-sm\" href=\"https:\/\/wa.link\/rfryn6\" target=\"_blank\">\n\t\t\t\t\t\t<span class=\"elementor-button-content-wrapper\">\n\t\t\t\t\t\t\t\t\t<span class=\"elementor-button-text\">Fale conosco<\/span>\n\t\t\t\t\t<\/span>\n\t\t\t\t\t<\/a>\n\t\t\t\t<\/div>\n\t\t\t\t\t\t\t\t<\/div>\n\t\t\t\t<\/div>\n\t\t\t\t<\/div>\n\t\t\t\t<\/div>\n\t\t","protected":false},"excerpt":{"rendered":"<p>Ard\u00f3sia Projetos de acordo com suas necessidades Transformamos Ard\u00f3sia em: Transformamos em: Bancadas, Chap\u00e9u de Muro, Divis\u00f3rias, M\u00f3veis (Bancos e Mesas), Pisos, Suporte de Caixa d\u00b4\u00c1gua, dentre outras finalidades. Solicite um or\u00e7amento Sobre a Ard\u00f3sia:A Ard\u00f3sia \u00e9 uma rocha metam\u00f3rfica de gr\u00e3o fino e homog\u00eaneo composta por argila ou cinzas vulc\u00e2nicas que foram metamorfizadas em [&hellip;]<\/p>\n","protected":false},"author":1,"featured_media":0,"parent":0,"menu_order":0,"comment_status":"closed","ping_status":"closed","template":"elementor_header_footer","meta":{"footnotes":""},"class_list":["post-216","page","type-page","status-publish","hentry"],"_links":{"self":[{"href":"https:\/\/pedrafortebh.com.br\/index.php?rest_route=\/wp\/v2\/pages\/216","targetHints":{"allow":["GET"]}}],"collection":[{"href":"https:\/\/pedrafortebh.com.br\/index.php?rest_route=\/wp\/v2\/pages"}],"about":[{"href":"https:\/\/pedrafortebh.com.br\/index.php?rest_route=\/wp\/v2\/types\/page"}],"author":[{"embeddable":true,"href":"https:\/\/pedrafortebh.com.br\/index.php?rest_route=\/wp\/v2\/users\/1"}],"replies":[{"embeddable":true,"href":"https:\/\/pedrafortebh.com.br\/index.php?rest_route=%2Fwp%2Fv2%2Fcomments&post=216"}],"version-history":[{"count":7,"href":"https:\/\/pedrafortebh.com.br\/index.php?rest_route=\/wp\/v2\/pages\/216\/revisions"}],"predecessor-version":[{"id":1115,"href":"https:\/\/pedrafortebh.com.br\/index.php?rest_route=\/wp\/v2\/pages\/216\/revisions\/1115"}],"wp:attachment":[{"href":"https:\/\/pedrafortebh.com.br\/index.php?rest_route=%2Fwp%2Fv2%2Fmedia&parent=216"}],"curies":[{"name":"wp","href":"https:\/\/api.w.org\/{rel}","templated":true}]}}