{"id":271,"date":"2024-10-09T10:08:05","date_gmt":"2024-10-09T13:08:05","guid":{"rendered":"https:\/\/pedrafortebh.com.br\/?page_id=271"},"modified":"2025-03-24T17:37:59","modified_gmt":"2025-03-24T20:37:59","slug":"nanoglass","status":"publish","type":"page","link":"https:\/\/pedrafortebh.com.br\/?page_id=271","title":{"rendered":"Nanoglass"},"content":{"rendered":"\t\t<div data-elementor-type=\"wp-page\" data-elementor-id=\"271\" class=\"elementor elementor-271\" data-elementor-post-type=\"page\">\n\t\t\t\t\t\t<section class=\"elementor-section elementor-top-section elementor-element elementor-element-eb0dc24 elementor-section-height-min-height elementor-section-boxed elementor-section-height-default elementor-section-items-middle\" data-id=\"eb0dc24\" data-element_type=\"section\" data-settings=\"{&quot;background_background&quot;:&quot;classic&quot;}\">\n\t\t\t\t\t\t\t<div class=\"elementor-background-overlay\"><\/div>\n\t\t\t\t\t\t\t<div class=\"elementor-container elementor-column-gap-default\">\n\t\t\t\t\t<div class=\"elementor-column elementor-col-100 elementor-top-column elementor-element elementor-element-9287289\" data-id=\"9287289\" data-element_type=\"column\">\n\t\t\t<div class=\"elementor-widget-wrap elementor-element-populated\">\n\t\t\t\t\t\t<div class=\"elementor-element elementor-element-c6eea81 elementor-widget elementor-widget-heading\" data-id=\"c6eea81\" data-element_type=\"widget\" data-widget_type=\"heading.default\">\n\t\t\t\t<div class=\"elementor-widget-container\">\n\t\t\t\t\t<h2 class=\"elementor-heading-title elementor-size-default\">Nanoglass<\/h2>\t\t\t\t<\/div>\n\t\t\t\t<\/div>\n\t\t\t\t<div class=\"elementor-element elementor-element-1c8bb94 elementor-widget elementor-widget-text-editor\" data-id=\"1c8bb94\" data-element_type=\"widget\" data-widget_type=\"text-editor.default\">\n\t\t\t\t<div class=\"elementor-widget-container\">\n\t\t\t\t\t\t\t\t\t<p>Projetos de acordo com suas necessidades<\/p>\t\t\t\t\t\t\t\t<\/div>\n\t\t\t\t<\/div>\n\t\t\t\t\t<\/div>\n\t\t<\/div>\n\t\t\t\t\t<\/div>\n\t\t<\/section>\n\t\t\t\t<section class=\"elementor-section elementor-top-section elementor-element elementor-element-aaf6e60 elementor-section-boxed elementor-section-height-default elementor-section-height-default\" data-id=\"aaf6e60\" data-element_type=\"section\" data-settings=\"{&quot;background_background&quot;:&quot;classic&quot;}\">\n\t\t\t\t\t\t<div class=\"elementor-container elementor-column-gap-default\">\n\t\t\t\t\t<div class=\"elementor-column elementor-col-50 elementor-top-column elementor-element elementor-element-48c17b5\" data-id=\"48c17b5\" data-element_type=\"column\">\n\t\t\t<div class=\"elementor-widget-wrap elementor-element-populated\">\n\t\t\t\t\t\t<div class=\"elementor-element elementor-element-2625618 elementor-widget elementor-widget-heading\" data-id=\"2625618\" data-element_type=\"widget\" data-widget_type=\"heading.default\">\n\t\t\t\t<div class=\"elementor-widget-container\">\n\t\t\t\t\t<h2 class=\"elementor-heading-title elementor-size-default\">Transformamos  Nanoglass em:<\/h2>\t\t\t\t<\/div>\n\t\t\t\t<\/div>\n\t\t\t\t<div class=\"elementor-element elementor-element-2c3a948 elementor-widget elementor-widget-text-editor\" data-id=\"2c3a948\" data-element_type=\"widget\" data-widget_type=\"text-editor.default\">\n\t\t\t\t<div class=\"elementor-widget-container\">\n\t\t\t\t\t\t\t\t\t<p>Bancadas (Geral), Escadas, Mesas, Pisos Paginados, Revestimentos, Soleiras, dentre outras finalidades.<\/p>\t\t\t\t\t\t\t\t<\/div>\n\t\t\t\t<\/div>\n\t\t\t\t<div class=\"elementor-element elementor-element-10be143 elementor-mobile-align-center elementor-widget elementor-widget-button\" data-id=\"10be143\" data-element_type=\"widget\" data-widget_type=\"button.default\">\n\t\t\t\t<div class=\"elementor-widget-container\">\n\t\t\t\t\t\t\t\t\t<div class=\"elementor-button-wrapper\">\n\t\t\t\t\t<a class=\"elementor-button elementor-button-link elementor-size-sm\" href=\"https:\/\/wa.link\/rfryn6\" target=\"_blank\">\n\t\t\t\t\t\t<span class=\"elementor-button-content-wrapper\">\n\t\t\t\t\t\t\t\t\t<span class=\"elementor-button-text\">Solicite um or\u00e7amento<\/span>\n\t\t\t\t\t<\/span>\n\t\t\t\t\t<\/a>\n\t\t\t\t<\/div>\n\t\t\t\t\t\t\t\t<\/div>\n\t\t\t\t<\/div>\n\t\t\t\t\t<\/div>\n\t\t<\/div>\n\t\t\t\t<div class=\"elementor-column elementor-col-50 elementor-top-column elementor-element elementor-element-5e04fcc\" data-id=\"5e04fcc\" data-element_type=\"column\">\n\t\t\t<div class=\"elementor-widget-wrap elementor-element-populated\">\n\t\t\t\t\t\t<div class=\"elementor-element elementor-element-0cdc388 elementor-widget elementor-widget-image\" data-id=\"0cdc388\" data-element_type=\"widget\" data-widget_type=\"image.default\">\n\t\t\t\t<div class=\"elementor-widget-container\">\n\t\t\t\t\t\t\t\t\t\t\t\t\t\t\t<img decoding=\"async\" width=\"300\" height=\"166\" src=\"https:\/\/pedrafortebh.com.br\/wp-content\/uploads\/2025\/03\/Super-Nanoglass-White-300x166-1.jpg\" class=\"attachment-large size-large wp-image-1116\" alt=\"\" \/>\t\t\t\t\t\t\t\t\t\t\t\t\t\t\t<\/div>\n\t\t\t\t<\/div>\n\t\t\t\t\t<\/div>\n\t\t<\/div>\n\t\t\t\t\t<\/div>\n\t\t<\/section>\n\t\t<div class=\"elementor-element elementor-element-ef2f0ff e-flex e-con-boxed e-con e-parent\" data-id=\"ef2f0ff\" data-element_type=\"container\">\n\t\t\t\t\t<div class=\"e-con-inner\">\n\t\t<div class=\"elementor-element elementor-element-4608156 e-con-full e-grid e-con e-child\" data-id=\"4608156\" data-element_type=\"container\">\n\t\t\t\t<div class=\"elementor-element elementor-element-4c08543 elementor-widget elementor-widget-image\" data-id=\"4c08543\" data-element_type=\"widget\" data-widget_type=\"image.default\">\n\t\t\t\t<div class=\"elementor-widget-container\">\n\t\t\t\t\t\t\t\t\t\t\t\t\t\t\t<img decoding=\"async\" width=\"300\" height=\"166\" src=\"https:\/\/pedrafortebh.com.br\/wp-content\/uploads\/2025\/03\/Super-Nanoglass-White-300x166-1.jpg\" class=\"attachment-full size-full wp-image-1116\" alt=\"\" \/>\t\t\t\t\t\t\t\t\t\t\t\t\t\t\t<\/div>\n\t\t\t\t<\/div>\n\t\t\t\t<\/div>\n\t\t<div class=\"elementor-element elementor-element-9cc797f e-con-full e-flex e-con e-child\" data-id=\"9cc797f\" data-element_type=\"container\">\n\t\t\t\t<div class=\"elementor-element elementor-element-2720e92 elementor-widget elementor-widget-text-editor\" data-id=\"2720e92\" data-element_type=\"widget\" data-widget_type=\"text-editor.default\">\n\t\t\t\t<div class=\"elementor-widget-container\">\n\t\t\t\t\t\t\t\t\t<p><strong>Sobre o Nanoglass:<\/strong><br \/>O Nanoglass\u00ae \u00e9 um material industrializado de alta tecnologia, obtido a partir de mat\u00e9rias primas selecionadas \u2013 em destaque os cristais de elevada pureza e granulometria homog\u00eanea \u2013 onde o processo produtivo nanotecnol\u00f3gico permite uma fus\u00e3o constante e equilibrada, produzindo assim chapas planas em formato retangular, que ap\u00f3s o procedimento de polimento obtemos uma superf\u00edcie cristalizada com nanotecnologia.<\/p><p>Refer\u00eancia nos quesitos tecnologia e beleza, o Nanoglass\u00ae favorece projetos minimalistas, podendo ser aplicado para o uso residencial ou comercial, seja em \u00e1reas internas ou externas como revestimento de pisos e paredes, tampos de cozinha, bancadas laboratoriais, pias para lavat\u00f3rios, escadas, fachadas e diversas outras finalidades.<\/p><p>No que diz respeito \u00e0 ambientes molhados, como cozinhas e banheiros por exemplo, o Nanoglass\u00ae \u00e9 extremamente indicado por oferecer porosidade praticamente nula e resist\u00eancia aos ataques de substancias \u00e1cidas e alcalinas, al\u00e9m de abrasivos do dia-a-dia.<\/p><p>Manter o ambiente em Nanoglass\u00ae sempre limpo e conservado \u00e9 bastante simples: basta utilizar \u00e1gua, pano \u00famido e produtos de base neutra.<\/p>\t\t\t\t\t\t\t\t<\/div>\n\t\t\t\t<\/div>\n\t\t\t\t<\/div>\n\t\t\t\t\t<\/div>\n\t\t\t\t<\/div>\n\t\t<div class=\"elementor-element elementor-element-7beee99 e-con-full e-flex e-con e-parent\" data-id=\"7beee99\" data-element_type=\"container\" data-settings=\"{&quot;background_background&quot;:&quot;classic&quot;}\">\n\t\t\t\t<div class=\"elementor-element elementor-element-1eb65be elementor-widget elementor-widget-heading\" data-id=\"1eb65be\" data-element_type=\"widget\" data-widget_type=\"heading.default\">\n\t\t\t\t<div class=\"elementor-widget-container\">\n\t\t\t\t\t<h2 class=\"elementor-heading-title elementor-size-default\">PRECISA DE ALGUM OUTRO PRODUTO EM ACABAMENTOS ESPECIAIS?<br><br>\n\nENTRE EM CONTATO, N\u00d3S CONSEGUIMOS PARA VOC\u00ca.<\/h2>\t\t\t\t<\/div>\n\t\t\t\t<\/div>\n\t\t\t\t<div class=\"elementor-element elementor-element-e371610 elementor-widget elementor-widget-button\" data-id=\"e371610\" data-element_type=\"widget\" data-widget_type=\"button.default\">\n\t\t\t\t<div class=\"elementor-widget-container\">\n\t\t\t\t\t\t\t\t\t<div class=\"elementor-button-wrapper\">\n\t\t\t\t\t<a class=\"elementor-button elementor-button-link elementor-size-sm\" href=\"https:\/\/wa.link\/rfryn6\" target=\"_blank\">\n\t\t\t\t\t\t<span class=\"elementor-button-content-wrapper\">\n\t\t\t\t\t\t\t\t\t<span class=\"elementor-button-text\">Fale conosco<\/span>\n\t\t\t\t\t<\/span>\n\t\t\t\t\t<\/a>\n\t\t\t\t<\/div>\n\t\t\t\t\t\t\t\t<\/div>\n\t\t\t\t<\/div>\n\t\t\t\t<\/div>\n\t\t\t\t<\/div>\n\t\t","protected":false},"excerpt":{"rendered":"<p>Nanoglass Projetos de acordo com suas necessidades Transformamos Nanoglass em: Bancadas (Geral), Escadas, Mesas, Pisos Paginados, Revestimentos, Soleiras, dentre outras finalidades. Solicite um or\u00e7amento Sobre o Nanoglass:O Nanoglass\u00ae \u00e9 um material industrializado de alta tecnologia, obtido a partir de mat\u00e9rias primas selecionadas \u2013 em destaque os cristais de elevada pureza e granulometria homog\u00eanea \u2013 onde [&hellip;]<\/p>\n","protected":false},"author":1,"featured_media":0,"parent":0,"menu_order":0,"comment_status":"closed","ping_status":"closed","template":"elementor_header_footer","meta":{"footnotes":""},"class_list":["post-271","page","type-page","status-publish","hentry"],"_links":{"self":[{"href":"https:\/\/pedrafortebh.com.br\/index.php?rest_route=\/wp\/v2\/pages\/271","targetHints":{"allow":["GET"]}}],"collection":[{"href":"https:\/\/pedrafortebh.com.br\/index.php?rest_route=\/wp\/v2\/pages"}],"about":[{"href":"https:\/\/pedrafortebh.com.br\/index.php?rest_route=\/wp\/v2\/types\/page"}],"author":[{"embeddable":true,"href":"https:\/\/pedrafortebh.com.br\/index.php?rest_route=\/wp\/v2\/users\/1"}],"replies":[{"embeddable":true,"href":"https:\/\/pedrafortebh.com.br\/index.php?rest_route=%2Fwp%2Fv2%2Fcomments&post=271"}],"version-history":[{"count":16,"href":"https:\/\/pedrafortebh.com.br\/index.php?rest_route=\/wp\/v2\/pages\/271\/revisions"}],"predecessor-version":[{"id":1125,"href":"https:\/\/pedrafortebh.com.br\/index.php?rest_route=\/wp\/v2\/pages\/271\/revisions\/1125"}],"wp:attachment":[{"href":"https:\/\/pedrafortebh.com.br\/index.php?rest_route=%2Fwp%2Fv2%2Fmedia&parent=271"}],"curies":[{"name":"wp","href":"https:\/\/api.w.org\/{rel}","templated":true}]}}