{"id":340,"date":"2024-10-09T10:26:27","date_gmt":"2024-10-09T13:26:27","guid":{"rendered":"https:\/\/pedrafortebh.com.br\/?page_id=340"},"modified":"2025-06-17T11:10:45","modified_gmt":"2025-06-17T14:10:45","slug":"pedra-miracema","status":"publish","type":"page","link":"https:\/\/pedrafortebh.com.br\/?page_id=340","title":{"rendered":"Pedra Miracema"},"content":{"rendered":"\t\t<div data-elementor-type=\"wp-page\" data-elementor-id=\"340\" class=\"elementor elementor-340\" data-elementor-post-type=\"page\">\n\t\t\t\t<div class=\"elementor-element elementor-element-0e407f3 e-flex e-con-boxed e-con e-parent\" data-id=\"0e407f3\" data-element_type=\"container\" data-settings=\"{&quot;background_background&quot;:&quot;classic&quot;}\">\n\t\t\t\t\t<div class=\"e-con-inner\">\n\t\t\t\t<div class=\"elementor-element elementor-element-c1a1fe6 elementor-widget elementor-widget-text-editor\" data-id=\"c1a1fe6\" data-element_type=\"widget\" data-widget_type=\"text-editor.default\">\n\t\t\t\t<div class=\"elementor-widget-container\">\n\t\t\t\t\t\t\t\t\t<p>Projetos de acordo com suas necessidades<\/p>\t\t\t\t\t\t\t\t<\/div>\n\t\t\t\t<\/div>\n\t\t\t\t\t<\/div>\n\t\t\t\t<\/div>\n\t\t<div class=\"elementor-element elementor-element-0497541 e-flex e-con-boxed e-con e-parent\" data-id=\"0497541\" data-element_type=\"container\">\n\t\t\t\t\t<div class=\"e-con-inner\">\n\t\t<div class=\"elementor-element elementor-element-6e476cf e-con-full e-flex e-con e-child\" data-id=\"6e476cf\" data-element_type=\"container\">\n\t\t\t\t<div class=\"elementor-element elementor-element-2535c2b elementor-widget elementor-widget-gallery\" data-id=\"2535c2b\" data-element_type=\"widget\" data-settings=\"{&quot;columns&quot;:8,&quot;columns_mobile&quot;:2,&quot;lazyload&quot;:&quot;yes&quot;,&quot;gallery_layout&quot;:&quot;grid&quot;,&quot;columns_tablet&quot;:2,&quot;gap&quot;:{&quot;unit&quot;:&quot;px&quot;,&quot;size&quot;:10,&quot;sizes&quot;:[]},&quot;gap_tablet&quot;:{&quot;unit&quot;:&quot;px&quot;,&quot;size&quot;:10,&quot;sizes&quot;:[]},&quot;gap_mobile&quot;:{&quot;unit&quot;:&quot;px&quot;,&quot;size&quot;:10,&quot;sizes&quot;:[]},&quot;link_to&quot;:&quot;file&quot;,&quot;aspect_ratio&quot;:&quot;3:2&quot;,&quot;overlay_background&quot;:&quot;yes&quot;,&quot;content_hover_animation&quot;:&quot;fade-in&quot;}\" data-widget_type=\"gallery.default\">\n\t\t\t\t<div class=\"elementor-widget-container\">\n\t\t\t\t\t\t\t<div class=\"elementor-gallery__container\">\n\t\t\t\t\t\t\t<a class=\"e-gallery-item elementor-gallery-item elementor-animated-content\" href=\"https:\/\/pedrafortebh.com.br\/wp-content\/uploads\/2024\/10\/Miracema-Almofadada.jpg\" data-elementor-open-lightbox=\"yes\" data-elementor-lightbox-slideshow=\"2535c2b\" data-elementor-lightbox-title=\"Miracema Almofadada\" data-e-action-hash=\"#elementor-action%3Aaction%3Dlightbox%26settings%3DeyJpZCI6MzQyLCJ1cmwiOiJodHRwczpcL1wvcGVkcmFmb3J0ZWJoLmNvbS5iclwvd3AtY29udGVudFwvdXBsb2Fkc1wvMjAyNFwvMTBcL01pcmFjZW1hLUFsbW9mYWRhZGEuanBnIiwic2xpZGVzaG93IjoiMjUzNWMyYiJ9\">\n\t\t\t\t\t<div class=\"e-gallery-image elementor-gallery-item__image\" data-thumbnail=\"https:\/\/pedrafortebh.com.br\/wp-content\/uploads\/2024\/10\/Miracema-Almofadada-300x225.jpg\" data-width=\"300\" data-height=\"225\" aria-label=\"\" role=\"img\" ><\/div>\n\t\t\t\t\t\t\t\t\t\t\t<div class=\"elementor-gallery-item__overlay\"><\/div>\n\t\t\t\t\t\t\t\t\t\t\t\t\t\t<\/a>\n\t\t\t\t\t\t\t<a class=\"e-gallery-item elementor-gallery-item elementor-animated-content\" href=\"https:\/\/pedrafortebh.com.br\/wp-content\/uploads\/2024\/10\/Miracema-Corte-Manual-50x50-1.jpg\" data-elementor-open-lightbox=\"yes\" data-elementor-lightbox-slideshow=\"2535c2b\" data-elementor-lightbox-title=\"Miracema Corte Manual 50x50\" data-e-action-hash=\"#elementor-action%3Aaction%3Dlightbox%26settings%3DeyJpZCI6MzQzLCJ1cmwiOiJodHRwczpcL1wvcGVkcmFmb3J0ZWJoLmNvbS5iclwvd3AtY29udGVudFwvdXBsb2Fkc1wvMjAyNFwvMTBcL01pcmFjZW1hLUNvcnRlLU1hbnVhbC01MHg1MC0xLmpwZyIsInNsaWRlc2hvdyI6IjI1MzVjMmIifQ%3D%3D\">\n\t\t\t\t\t<div class=\"e-gallery-image elementor-gallery-item__image\" data-thumbnail=\"https:\/\/pedrafortebh.com.br\/wp-content\/uploads\/2024\/10\/Miracema-Corte-Manual-50x50-1-300x134.jpg\" data-width=\"300\" data-height=\"134\" aria-label=\"\" role=\"img\" ><\/div>\n\t\t\t\t\t\t\t\t\t\t\t<div class=\"elementor-gallery-item__overlay\"><\/div>\n\t\t\t\t\t\t\t\t\t\t\t\t\t\t<\/a>\n\t\t\t\t\t\t\t<a class=\"e-gallery-item elementor-gallery-item elementor-animated-content\" href=\"https:\/\/pedrafortebh.com.br\/wp-content\/uploads\/2024\/10\/Miracema-Serrada-11.5x23.jpg\" data-elementor-open-lightbox=\"yes\" data-elementor-lightbox-slideshow=\"2535c2b\" data-elementor-lightbox-title=\"Miracema Serrada 11.5x23\" data-e-action-hash=\"#elementor-action%3Aaction%3Dlightbox%26settings%3DeyJpZCI6MzQ0LCJ1cmwiOiJodHRwczpcL1wvcGVkcmFmb3J0ZWJoLmNvbS5iclwvd3AtY29udGVudFwvdXBsb2Fkc1wvMjAyNFwvMTBcL01pcmFjZW1hLVNlcnJhZGEtMTEuNXgyMy5qcGciLCJzbGlkZXNob3ciOiIyNTM1YzJiIn0%3D\">\n\t\t\t\t\t<div class=\"e-gallery-image elementor-gallery-item__image\" data-thumbnail=\"https:\/\/pedrafortebh.com.br\/wp-content\/uploads\/2024\/10\/Miracema-Serrada-11.5x23-300x190.jpg\" data-width=\"300\" data-height=\"190\" aria-label=\"\" role=\"img\" ><\/div>\n\t\t\t\t\t\t\t\t\t\t\t<div class=\"elementor-gallery-item__overlay\"><\/div>\n\t\t\t\t\t\t\t\t\t\t\t\t\t\t<\/a>\n\t\t\t\t\t<\/div>\n\t\t\t\t\t<\/div>\n\t\t\t\t<\/div>\n\t\t\t\t<div class=\"elementor-element elementor-element-1b46aca elementor-widget elementor-widget-text-editor\" data-id=\"1b46aca\" data-element_type=\"widget\" data-widget_type=\"text-editor.default\">\n\t\t\t\t<div class=\"elementor-widget-container\">\n\t\t\t\t\t\t\t\t\t<p><strong>Sobre a Pedra Miracema:<\/strong><br \/>A Pedra Miracema \u00e9 um tipo de granito para o piso comercializado na sua forma bruta, ou seja, sem nenhum polimento. Ela pode ser encontrada em pedras compactas extremamente duras, com um baixo n\u00edvel de absor\u00e7\u00e3o e uma apar\u00eancia bastante r\u00fastica.<\/p><p>Al\u00e9m disso, a Pedra Miracema \u00e9 antiderrapante, n\u00e3o se desgasta com o tempo, tem f\u00e1cil manuten\u00e7\u00e3o, n\u00e3o descasca e \u00e9 imperme\u00e1vel \u2013 caracter\u00edsticas essas que fazem da Pedra Miracema uma das mais requisitadas. Devido a estas caracter\u00edsticas, a Pedra Miracema \u00e9 frequentemente requisitada na constru\u00e7\u00e3o de cal\u00e7adas, passeios e pisos em geral. Tamb\u00e9m podem ser constru\u00eddos muros, garagens e cascatas com essa pedra, podendo ainda ser utilizadas em projetos de jardinagem e paisagismo, entre outros v\u00e1rios fins. A limpeza das pedras \u00e9 essencial para manter a sua apar\u00eancia sempre a melhor. Para essa limpeza utilize sempre vassouras com pelagem dura. Al\u00e9m disso, uma vez ou outra, fa\u00e7a uma limpeza mais profunda (utilize uma m\u00e1quina de jato de \u00e1gua de alta press\u00e3o e\/ou \u00e1cidos pr\u00f3prios para a limpeza de pedras).<\/p><p>\u00a0<\/p>\t\t\t\t\t\t\t\t<\/div>\n\t\t\t\t<\/div>\n\t\t\t\t<\/div>\n\t\t\t\t\t<\/div>\n\t\t\t\t<\/div>\n\t\t\t\t<\/div>\n\t\t","protected":false},"excerpt":{"rendered":"<p>Projetos de acordo com suas necessidades Sobre a Pedra Miracema:A Pedra Miracema \u00e9 um tipo de granito para o piso comercializado na sua forma bruta, ou seja, sem nenhum polimento. Ela pode ser encontrada em pedras compactas extremamente duras, com um baixo n\u00edvel de absor\u00e7\u00e3o e uma apar\u00eancia bastante r\u00fastica. Al\u00e9m disso, a Pedra Miracema [&hellip;]<\/p>\n","protected":false},"author":1,"featured_media":0,"parent":0,"menu_order":0,"comment_status":"closed","ping_status":"closed","template":"elementor_header_footer","meta":{"footnotes":""},"class_list":["post-340","page","type-page","status-publish","hentry"],"_links":{"self":[{"href":"https:\/\/pedrafortebh.com.br\/index.php?rest_route=\/wp\/v2\/pages\/340","targetHints":{"allow":["GET"]}}],"collection":[{"href":"https:\/\/pedrafortebh.com.br\/index.php?rest_route=\/wp\/v2\/pages"}],"about":[{"href":"https:\/\/pedrafortebh.com.br\/index.php?rest_route=\/wp\/v2\/types\/page"}],"author":[{"embeddable":true,"href":"https:\/\/pedrafortebh.com.br\/index.php?rest_route=\/wp\/v2\/users\/1"}],"replies":[{"embeddable":true,"href":"https:\/\/pedrafortebh.com.br\/index.php?rest_route=%2Fwp%2Fv2%2Fcomments&post=340"}],"version-history":[{"count":7,"href":"https:\/\/pedrafortebh.com.br\/index.php?rest_route=\/wp\/v2\/pages\/340\/revisions"}],"predecessor-version":[{"id":1478,"href":"https:\/\/pedrafortebh.com.br\/index.php?rest_route=\/wp\/v2\/pages\/340\/revisions\/1478"}],"wp:attachment":[{"href":"https:\/\/pedrafortebh.com.br\/index.php?rest_route=%2Fwp%2Fv2%2Fmedia&parent=340"}],"curies":[{"name":"wp","href":"https:\/\/api.w.org\/{rel}","templated":true}]}}