{"id":360,"date":"2024-10-09T10:35:28","date_gmt":"2024-10-09T13:35:28","guid":{"rendered":"https:\/\/pedrafortebh.com.br\/?page_id=360"},"modified":"2024-10-09T10:37:12","modified_gmt":"2024-10-09T13:37:12","slug":"pedra-sao-tome","status":"publish","type":"page","link":"https:\/\/pedrafortebh.com.br\/?page_id=360","title":{"rendered":"Pedra S\u00e3o Tom\u00e9"},"content":{"rendered":"\t\t<div data-elementor-type=\"wp-page\" data-elementor-id=\"360\" class=\"elementor elementor-360\" data-elementor-post-type=\"page\">\n\t\t\t\t<div class=\"elementor-element elementor-element-28d7661 e-flex e-con-boxed e-con e-parent\" data-id=\"28d7661\" data-element_type=\"container\" data-settings=\"{&quot;background_background&quot;:&quot;classic&quot;}\">\n\t\t\t\t\t<div class=\"e-con-inner\">\n\t\t\t\t<div class=\"elementor-element elementor-element-5e49a38 elementor-widget elementor-widget-heading\" data-id=\"5e49a38\" data-element_type=\"widget\" data-widget_type=\"heading.default\">\n\t\t\t\t<div class=\"elementor-widget-container\">\n\t\t\t\t\t<h2 class=\"elementor-heading-title elementor-size-default\">Pedra S\u00e3o Tom\u00e9<\/h2>\t\t\t\t<\/div>\n\t\t\t\t<\/div>\n\t\t\t\t<div class=\"elementor-element elementor-element-3f595a9 elementor-widget elementor-widget-text-editor\" data-id=\"3f595a9\" data-element_type=\"widget\" data-widget_type=\"text-editor.default\">\n\t\t\t\t<div class=\"elementor-widget-container\">\n\t\t\t\t\t\t\t\t\tAlto padr\u00e3o de qualidade para seu Projeto\t\t\t\t\t\t\t\t<\/div>\n\t\t\t\t<\/div>\n\t\t\t\t\t<\/div>\n\t\t\t\t<\/div>\n\t\t<div class=\"elementor-element elementor-element-3d31831 e-flex e-con-boxed e-con e-parent\" data-id=\"3d31831\" data-element_type=\"container\">\n\t\t\t\t\t<div class=\"e-con-inner\">\n\t\t<div class=\"elementor-element elementor-element-867e55b e-con-full e-flex e-con e-child\" data-id=\"867e55b\" data-element_type=\"container\">\n\t\t\t\t<div class=\"elementor-element elementor-element-5dd1fd7 elementor-widget elementor-widget-gallery\" data-id=\"5dd1fd7\" data-element_type=\"widget\" data-settings=\"{&quot;columns&quot;:8,&quot;columns_mobile&quot;:2,&quot;lazyload&quot;:&quot;yes&quot;,&quot;gallery_layout&quot;:&quot;grid&quot;,&quot;columns_tablet&quot;:2,&quot;gap&quot;:{&quot;unit&quot;:&quot;px&quot;,&quot;size&quot;:10,&quot;sizes&quot;:[]},&quot;gap_tablet&quot;:{&quot;unit&quot;:&quot;px&quot;,&quot;size&quot;:10,&quot;sizes&quot;:[]},&quot;gap_mobile&quot;:{&quot;unit&quot;:&quot;px&quot;,&quot;size&quot;:10,&quot;sizes&quot;:[]},&quot;link_to&quot;:&quot;file&quot;,&quot;aspect_ratio&quot;:&quot;3:2&quot;,&quot;overlay_background&quot;:&quot;yes&quot;,&quot;content_hover_animation&quot;:&quot;fade-in&quot;}\" data-widget_type=\"gallery.default\">\n\t\t\t\t<div class=\"elementor-widget-container\">\n\t\t\t\t\t\t\t<div class=\"elementor-gallery__container\">\n\t\t\t\t\t\t\t<a class=\"e-gallery-item elementor-gallery-item elementor-animated-content\" href=\"https:\/\/pedrafortebh.com.br\/wp-content\/uploads\/2024\/10\/Sao-Tome-Filete-Canjiquinha.jpg\" data-elementor-open-lightbox=\"yes\" data-elementor-lightbox-slideshow=\"5dd1fd7\" data-elementor-lightbox-title=\"S\u00e3o Tom\u00e9 Filete Canjiquinha\" data-e-action-hash=\"#elementor-action%3Aaction%3Dlightbox%26settings%3DeyJpZCI6MzYyLCJ1cmwiOiJodHRwczpcL1wvcGVkcmFmb3J0ZWJoLmNvbS5iclwvd3AtY29udGVudFwvdXBsb2Fkc1wvMjAyNFwvMTBcL1Nhby1Ub21lLUZpbGV0ZS1DYW5qaXF1aW5oYS5qcGciLCJzbGlkZXNob3ciOiI1ZGQxZmQ3In0%3D\">\n\t\t\t\t\t<div class=\"e-gallery-image elementor-gallery-item__image\" data-thumbnail=\"https:\/\/pedrafortebh.com.br\/wp-content\/uploads\/2024\/10\/Sao-Tome-Filete-Canjiquinha-300x212.jpg\" data-width=\"300\" data-height=\"212\" aria-label=\"\" role=\"img\" ><\/div>\n\t\t\t\t\t\t\t\t\t\t\t<div class=\"elementor-gallery-item__overlay\"><\/div>\n\t\t\t\t\t\t\t\t\t\t\t\t\t\t<\/a>\n\t\t\t\t\t\t\t<a class=\"e-gallery-item elementor-gallery-item elementor-animated-content\" href=\"https:\/\/pedrafortebh.com.br\/wp-content\/uploads\/2024\/10\/Sao-Tome-Retalho.jpg\" data-elementor-open-lightbox=\"yes\" data-elementor-lightbox-slideshow=\"5dd1fd7\" data-elementor-lightbox-title=\"S\u00e3o Tom\u00e9 Retalho\" data-e-action-hash=\"#elementor-action%3Aaction%3Dlightbox%26settings%3DeyJpZCI6MzYzLCJ1cmwiOiJodHRwczpcL1wvcGVkcmFmb3J0ZWJoLmNvbS5iclwvd3AtY29udGVudFwvdXBsb2Fkc1wvMjAyNFwvMTBcL1Nhby1Ub21lLVJldGFsaG8uanBnIiwic2xpZGVzaG93IjoiNWRkMWZkNyJ9\">\n\t\t\t\t\t<div class=\"e-gallery-image elementor-gallery-item__image\" data-thumbnail=\"https:\/\/pedrafortebh.com.br\/wp-content\/uploads\/2024\/10\/Sao-Tome-Retalho-300x200.jpg\" data-width=\"300\" data-height=\"200\" aria-label=\"\" role=\"img\" ><\/div>\n\t\t\t\t\t\t\t\t\t\t\t<div class=\"elementor-gallery-item__overlay\"><\/div>\n\t\t\t\t\t\t\t\t\t\t\t\t\t\t<\/a>\n\t\t\t\t\t\t\t<a class=\"e-gallery-item elementor-gallery-item elementor-animated-content\" href=\"https:\/\/pedrafortebh.com.br\/wp-content\/uploads\/2024\/10\/Sao-Tome-Serrada-Especial.jpg\" data-elementor-open-lightbox=\"yes\" data-elementor-lightbox-slideshow=\"5dd1fd7\" data-elementor-lightbox-title=\"S\u00e3o Tom\u00e9 Serrada Especial\" data-e-action-hash=\"#elementor-action%3Aaction%3Dlightbox%26settings%3DeyJpZCI6MzY0LCJ1cmwiOiJodHRwczpcL1wvcGVkcmFmb3J0ZWJoLmNvbS5iclwvd3AtY29udGVudFwvdXBsb2Fkc1wvMjAyNFwvMTBcL1Nhby1Ub21lLVNlcnJhZGEtRXNwZWNpYWwuanBnIiwic2xpZGVzaG93IjoiNWRkMWZkNyJ9\">\n\t\t\t\t\t<div class=\"e-gallery-image elementor-gallery-item__image\" data-thumbnail=\"https:\/\/pedrafortebh.com.br\/wp-content\/uploads\/2024\/10\/Sao-Tome-Serrada-Especial-300x225.jpg\" data-width=\"300\" data-height=\"225\" aria-label=\"\" role=\"img\" ><\/div>\n\t\t\t\t\t\t\t\t\t\t\t<div class=\"elementor-gallery-item__overlay\"><\/div>\n\t\t\t\t\t\t\t\t\t\t\t\t\t\t<\/a>\n\t\t\t\t\t\t\t<a class=\"e-gallery-item elementor-gallery-item elementor-animated-content\" href=\"https:\/\/pedrafortebh.com.br\/wp-content\/uploads\/2024\/10\/Sao-Tome-Serrada-Normal.jpg\" data-elementor-open-lightbox=\"yes\" data-elementor-lightbox-slideshow=\"5dd1fd7\" data-elementor-lightbox-title=\"S\u00e3o Tom\u00e9 Serrada Normal\" data-e-action-hash=\"#elementor-action%3Aaction%3Dlightbox%26settings%3DeyJpZCI6MzY1LCJ1cmwiOiJodHRwczpcL1wvcGVkcmFmb3J0ZWJoLmNvbS5iclwvd3AtY29udGVudFwvdXBsb2Fkc1wvMjAyNFwvMTBcL1Nhby1Ub21lLVNlcnJhZGEtTm9ybWFsLmpwZyIsInNsaWRlc2hvdyI6IjVkZDFmZDcifQ%3D%3D\">\n\t\t\t\t\t<div class=\"e-gallery-image elementor-gallery-item__image\" data-thumbnail=\"https:\/\/pedrafortebh.com.br\/wp-content\/uploads\/2024\/10\/Sao-Tome-Serrada-Normal-300x225.jpg\" data-width=\"300\" data-height=\"225\" aria-label=\"\" role=\"img\" ><\/div>\n\t\t\t\t\t\t\t\t\t\t\t<div class=\"elementor-gallery-item__overlay\"><\/div>\n\t\t\t\t\t\t\t\t\t\t\t\t\t\t<\/a>\n\t\t\t\t\t<\/div>\n\t\t\t\t\t<\/div>\n\t\t\t\t<\/div>\n\t\t\t\t<div class=\"elementor-element elementor-element-5c7f990 elementor-widget elementor-widget-text-editor\" data-id=\"5c7f990\" data-element_type=\"widget\" data-widget_type=\"text-editor.default\">\n\t\t\t\t<div class=\"elementor-widget-container\">\n\t\t\t\t\t\t\t\t\t<p><strong>Sobre a Pedra S\u00e3o Tom\u00e9:<\/strong><br \/>A Pedra S\u00e3o Tom\u00e9 \u00e9 considerada um quartzito, ou seja, \u00e9 uma pedra formada a partir recristaliza\u00e7\u00e3o de arenito que forma gr\u00e3os de quartzo. Ela \u00e9 extra\u00edda no estado de Minas Gerais, sendo muito utilizada em diversos projetos, sejam eles internos ou externos.<\/p><p>Essa pedra tem boa absor\u00e7\u00e3o de \u00e1gua, e isso \u00e9 uma vantagem quando se h\u00e1 interesse de us\u00e1-la em \u00e1reas molhadas, como revestimento de piso externo ou espa\u00e7o em volta da piscina, pois a \u00e1gua \u00e9 absorvida rapidamente pela pedra, minimizando o risco do piso ficar escorregadio. A dureza da pedra \u00e9 uma caracter\u00edstica marcante desse material. E toda essa dureza reflete na resist\u00eancia que a pedra tem em rela\u00e7\u00e3o ao atrito, o que a torna uma op\u00e7\u00e3o at\u00e9 mesmo para cal\u00e7amentos devido a sua alta durabilidade. A Pedra S\u00e3o Tom\u00e9 n\u00e3o \u00e9 exatamente um piso antiderrapante, mas cumpre muito bem esse papel. A face lisa n\u00e3o \u00e9 lisa como um piso e tem certa aspereza, o que permite que a pedra seja utilizada em locais molhados, como o entorno da piscina, sem o risco de ficar escorregadia. Outra caracter\u00edstica marcante dessa pedra \u00e9 a baixa capacidade de absorver calor, sendo \u00f3tima para \u00e1reas externas.<\/p><p>\u00a0<\/p>\t\t\t\t\t\t\t\t<\/div>\n\t\t\t\t<\/div>\n\t\t\t\t<\/div>\n\t\t\t\t\t<\/div>\n\t\t\t\t<\/div>\n\t\t\t\t<\/div>\n\t\t","protected":false},"excerpt":{"rendered":"<p>Pedra S\u00e3o Tom\u00e9 Alto padr\u00e3o de qualidade para seu Projeto Sobre a Pedra S\u00e3o Tom\u00e9:A Pedra S\u00e3o Tom\u00e9 \u00e9 considerada um quartzito, ou seja, \u00e9 uma pedra formada a partir recristaliza\u00e7\u00e3o de arenito que forma gr\u00e3os de quartzo. Ela \u00e9 extra\u00edda no estado de Minas Gerais, sendo muito utilizada em diversos projetos, sejam eles internos [&hellip;]<\/p>\n","protected":false},"author":1,"featured_media":0,"parent":0,"menu_order":0,"comment_status":"closed","ping_status":"closed","template":"elementor_header_footer","meta":{"footnotes":""},"class_list":["post-360","page","type-page","status-publish","hentry"],"_links":{"self":[{"href":"https:\/\/pedrafortebh.com.br\/index.php?rest_route=\/wp\/v2\/pages\/360","targetHints":{"allow":["GET"]}}],"collection":[{"href":"https:\/\/pedrafortebh.com.br\/index.php?rest_route=\/wp\/v2\/pages"}],"about":[{"href":"https:\/\/pedrafortebh.com.br\/index.php?rest_route=\/wp\/v2\/types\/page"}],"author":[{"embeddable":true,"href":"https:\/\/pedrafortebh.com.br\/index.php?rest_route=\/wp\/v2\/users\/1"}],"replies":[{"embeddable":true,"href":"https:\/\/pedrafortebh.com.br\/index.php?rest_route=%2Fwp%2Fv2%2Fcomments&post=360"}],"version-history":[{"count":4,"href":"https:\/\/pedrafortebh.com.br\/index.php?rest_route=\/wp\/v2\/pages\/360\/revisions"}],"predecessor-version":[{"id":368,"href":"https:\/\/pedrafortebh.com.br\/index.php?rest_route=\/wp\/v2\/pages\/360\/revisions\/368"}],"wp:attachment":[{"href":"https:\/\/pedrafortebh.com.br\/index.php?rest_route=%2Fwp%2Fv2%2Fmedia&parent=360"}],"curies":[{"name":"wp","href":"https:\/\/api.w.org\/{rel}","templated":true}]}}